{"id":763,"date":"2025-11-30T09:33:39","date_gmt":"2025-11-30T14:33:39","guid":{"rendered":"https:\/\/dinamiclab.staging-breakers.agency\/?page_id=763"},"modified":"2025-11-30T09:39:29","modified_gmt":"2025-11-30T14:39:29","slug":"nosotros","status":"publish","type":"page","link":"https:\/\/dinamiclab.staging-breakers.agency\/index.php\/nosotros\/","title":{"rendered":"Nosotros"},"content":{"rendered":"\t\t<div data-elementor-type=\"wp-page\" data-elementor-id=\"763\" class=\"elementor elementor-763\" data-elementor-post-type=\"page\">\n\t\t\t\t<div class=\"elementor-element elementor-element-3cfa3f1b e-flex e-con-boxed e-con e-parent\" data-id=\"3cfa3f1b\" data-element_type=\"container\" data-settings=\"{&quot;background_background&quot;:&quot;classic&quot;}\">\n\t\t\t\t\t<div class=\"e-con-inner\">\n\t\t<div class=\"elementor-element elementor-element-1cf2e3b2 e-flex e-con-boxed e-con e-child\" data-id=\"1cf2e3b2\" data-element_type=\"container\">\n\t\t\t\t\t<div class=\"e-con-inner\">\n\t\t\t\t<div class=\"elementor-element elementor-element-775d8e0 elementor-widget elementor-widget-heading\" data-id=\"775d8e0\" data-element_type=\"widget\" data-widget_type=\"heading.default\">\n\t\t\t\t\t<h2 class=\"elementor-heading-title elementor-size-default\">Vivimos la innovaci\u00f3n\ny el sentido de la belleza en cada proyecto<\/h2>\t\t\t\t<\/div>\n\t\t\t\t\t<\/div>\n\t\t\t\t<\/div>\n\t\t\t\t\t<\/div>\n\t\t\t\t<\/div>\n\t\t<div class=\"elementor-element elementor-element-2c5c39af e-flex e-con-boxed e-con e-parent\" data-id=\"2c5c39af\" data-element_type=\"container\">\n\t\t\t\t\t<div class=\"e-con-inner\">\n\t\t<div class=\"elementor-element elementor-element-30ae42fc e-con-full e-flex e-con e-child\" data-id=\"30ae42fc\" data-element_type=\"container\">\n\t\t\t\t<div class=\"elementor-element elementor-element-66035d15 elementor-widget elementor-widget-image\" data-id=\"66035d15\" data-element_type=\"widget\" data-widget_type=\"image.default\">\n\t\t\t\t\t\t\t\t\t\t\t\t\t\t\t<img decoding=\"async\" width=\"124\" height=\"124\" src=\"https:\/\/dinamiclab.staging-breakers.agency\/wp-content\/uploads\/2025\/11\/sistemas-y-control-de-iluminacion-dinamiclab.png\" class=\"attachment-large size-large wp-image-244\" alt=\"\" \/>\t\t\t\t\t\t\t\t\t\t\t\t\t\t\t<\/div>\n\t\t\t\t<div class=\"elementor-element elementor-element-4f23018d elementor-widget elementor-widget-heading\" data-id=\"4f23018d\" data-element_type=\"widget\" data-widget_type=\"heading.default\">\n\t\t\t\t\t<h2 class=\"elementor-heading-title elementor-size-default\">\u00bfQu\u00e9 es Dinamiclab?<\/h2>\t\t\t\t<\/div>\n\t\t\t\t<div class=\"elementor-element elementor-element-745782dc elementor-widget elementor-widget-text-editor\" data-id=\"745782dc\" data-element_type=\"widget\" data-widget_type=\"text-editor.default\">\n\t\t\t\t\t\t\t\t\t<p><strong>Es un laboratorio de dise\u00f1o e implementaci\u00f3n integral de proyectos tecnol\u00f3gicos de iluminaci\u00f3n, sonido, imagen, climatizaci\u00f3n y dom\u00f3tica avanzada<\/strong>\u00a0que comunica ambientes con dispositivos. Dinamiclab crea ambientes inteligentes.<\/p>\t\t\t\t\t\t\t\t<\/div>\n\t\t\t\t<div class=\"elementor-element elementor-element-2b63c90 elementor-widget elementor-widget-text-editor\" data-id=\"2b63c90\" data-element_type=\"widget\" data-widget_type=\"text-editor.default\">\n\t\t\t\t\t\t\t\t\t<p>Ahora puedes gestionar a trav\u00e9s de un software o aplicaci\u00f3n m\u00f3vil las soluciones creativas que imagines en tu entorno, desde pantallas de tv integradas que aparecen como por arte de magia hasta los dispositivos de seguridad m\u00e1s complejos.<\/p>\t\t\t\t\t\t\t\t<\/div>\n\t\t\t\t<div class=\"elementor-element elementor-element-5e4588e elementor-widget elementor-widget-text-editor\" data-id=\"5e4588e\" data-element_type=\"widget\" data-widget_type=\"text-editor.default\">\n\t\t\t\t\t\t\t\t\t<p>Un grupo de dise\u00f1adores, ingenieros y programadores estamos detr\u00e1s de\u00a0<strong>Dinamiclab, un espacio donde vive la innovaci\u00f3n y el sentido de la belleza en cada proyecto<\/strong>. Nos encantan los retos. Desde Barcelona e Ibiza desarrollamos ideas donde tu inspiraci\u00f3n es el l\u00edmite y la tecnolog\u00eda nuestro desaf\u00edo<\/p>\t\t\t\t\t\t\t\t<\/div>\n\t\t\t\t<\/div>\n\t\t\t\t\t<\/div>\n\t\t\t\t<\/div>\n\t\t<div class=\"elementor-element elementor-element-153272f5 e-flex e-con-boxed e-con e-parent\" data-id=\"153272f5\" data-element_type=\"container\" data-settings=\"{&quot;background_background&quot;:&quot;classic&quot;}\">\n\t\t\t\t\t<div class=\"e-con-inner\">\n\t\t\t\t<div class=\"elementor-element elementor-element-39fe4db7 elementor-widget elementor-widget-spacer\" data-id=\"39fe4db7\" data-element_type=\"widget\" data-widget_type=\"spacer.default\">\n\t\t\t\t\t\t\t<div class=\"elementor-spacer\">\n\t\t\t<div class=\"elementor-spacer-inner\"><\/div>\n\t\t<\/div>\n\t\t\t\t\t\t<\/div>\n\t\t\t\t<div class=\"elementor-element elementor-element-e0f580f elementor-widget elementor-widget-heading\" data-id=\"e0f580f\" data-element_type=\"widget\" data-widget_type=\"heading.default\">\n\t\t\t\t\t<h2 class=\"elementor-heading-title elementor-size-default\">\u00bfPor qu\u00e9 marcamos la diferencia?<\/h2>\t\t\t\t<\/div>\n\t\t\t\t<div class=\"elementor-element elementor-element-da55519 elementor-widget elementor-widget-text-editor\" data-id=\"da55519\" data-element_type=\"widget\" data-widget_type=\"text-editor.default\">\n\t\t\t\t\t\t\t\t\t<p>El desarrollo del proyecto est\u00e1 centralizado de principio a fin. Abarca el 100% de las necesidades del usuario al unificar los servicios en un solo proveedor.<\/p>\t\t\t\t\t\t\t\t<\/div>\n\t\t\t\t<div class=\"elementor-element elementor-element-683dfb60 elementor-widget elementor-widget-spacer\" data-id=\"683dfb60\" data-element_type=\"widget\" data-widget_type=\"spacer.default\">\n\t\t\t\t\t\t\t<div class=\"elementor-spacer\">\n\t\t\t<div class=\"elementor-spacer-inner\"><\/div>\n\t\t<\/div>\n\t\t\t\t\t\t<\/div>\n\t\t\t\t<div class=\"elementor-element elementor-element-604d21c8 elementor-align-center elementor-widget elementor-widget-button\" data-id=\"604d21c8\" data-element_type=\"widget\" data-widget_type=\"button.default\">\n\t\t\t\t\t\t\t\t\t\t<a class=\"elementor-button elementor-size-sm\" role=\"button\">\n\t\t\t\t\t\t<span class=\"elementor-button-content-wrapper\">\n\t\t\t\t\t\t\t\t\t<span class=\"elementor-button-text\">Quiero saber M\u00e1s<\/span>\n\t\t\t\t\t<\/span>\n\t\t\t\t\t<\/a>\n\t\t\t\t\t\t\t\t<\/div>\n\t\t\t\t<div class=\"elementor-element elementor-element-7d44e16b elementor-widget elementor-widget-spacer\" data-id=\"7d44e16b\" data-element_type=\"widget\" data-widget_type=\"spacer.default\">\n\t\t\t\t\t\t\t<div class=\"elementor-spacer\">\n\t\t\t<div class=\"elementor-spacer-inner\"><\/div>\n\t\t<\/div>\n\t\t\t\t\t\t<\/div>\n\t\t\t\t\t<\/div>\n\t\t\t\t<\/div>\n\t\t<div class=\"elementor-element elementor-element-3abfecb0 e-flex e-con-boxed e-con e-parent\" data-id=\"3abfecb0\" data-element_type=\"container\" data-settings=\"{&quot;background_background&quot;:&quot;classic&quot;}\">\n\t\t\t\t\t<div class=\"e-con-inner\">\n\t\t\t\t<div class=\"elementor-element elementor-element-d166ee7 elementor-widget elementor-widget-heading\" data-id=\"d166ee7\" data-element_type=\"widget\" data-widget_type=\"heading.default\">\n\t\t\t\t\t<h2 class=\"elementor-heading-title elementor-size-default\">\u00bfPor qu\u00e9 somos diferentes?<\/h2>\t\t\t\t<\/div>\n\t\t\t\t<div class=\"elementor-element elementor-element-1cbe493f elementor-widget elementor-widget-text-editor\" data-id=\"1cbe493f\" data-element_type=\"widget\" data-widget_type=\"text-editor.default\">\n\t\t\t\t\t\t\t\t\t<p>Dinamiclab est\u00e1 siempre en movimiento. Mantenerse din\u00e1micos es llevar la innovaci\u00f3n al l\u00edmite, encontrar soluciones de integraci\u00f3n tecnol\u00f3gica donde parec\u00eda imposible. Nos encantan los retos que despiertan admiraci\u00f3n.<\/p>\t\t\t\t\t\t\t\t<\/div>\n\t\t\t\t<div class=\"elementor-element elementor-element-efcef4a elementor-widget elementor-widget-text-editor\" data-id=\"efcef4a\" data-element_type=\"widget\" data-widget_type=\"text-editor.default\">\n\t\t\t\t\t\t\t\t\t<div class=\"vc_row wpb_row vc_row-fluid qodef-section txt-md qodef-content-aligment-left qodef-grid-section\"><div class=\"clearfix qodef-section-inner\"><div class=\"qodef-section-inner-margin clearfix\"><div class=\"wpb_column vc_column_container vc_col-sm-12\"><div class=\"vc_column-inner\"><div class=\"wpb_wrapper\"><div class=\"wpb_text_column wpb_content_element  txt\"><div class=\"wpb_wrapper\"><p>\u00bfPor qu\u00e9 marcamos la diferencia? El desarrollo del proyecto est\u00e1 centralizado de principio a fin. Abarca el 100% de las necesidades del usuario al unificar los servicios en un solo proveedor.<\/p><\/div><\/div><\/div><\/div><\/div><\/div><\/div><\/div><div id=\"serv-md\" class=\"vc_row wpb_row vc_row-fluid qodef-section all-serv vc_custom_1455207266584 qodef-content-aligment-left qodef-grid-section\"><div class=\"clearfix qodef-section-inner\"><div class=\"qodef-section-inner-margin clearfix\"><div class=\"wpb_column vc_column_container vc_col-sm-12\"><div class=\"vc_column-inner\"><div class=\"wpb_wrapper\"><div class=\"wpb_text_column wpb_content_element  ttl\"><div class=\"wpb_wrapper\">\u00a0<\/div><\/div><\/div><\/div><\/div><\/div><\/div><\/div>\t\t\t\t\t\t\t\t<\/div>\n\t\t\t\t\t<\/div>\n\t\t\t\t<\/div>\n\t\t<div class=\"elementor-element elementor-element-b6df5c8 e-con-full e-flex e-con e-parent\" data-id=\"b6df5c8\" data-element_type=\"container\">\n\t\t<div class=\"elementor-element elementor-element-950517d e-con-full e-flex e-con e-child\" data-id=\"950517d\" data-element_type=\"container\">\n\t\t<div class=\"elementor-element elementor-element-df328f0 e-con-full e-flex e-con e-child\" data-id=\"df328f0\" data-element_type=\"container\" data-settings=\"{&quot;background_background&quot;:&quot;classic&quot;}\">\n\t\t\t\t<div class=\"elementor-element elementor-element-8207919 elementor-widget elementor-widget-spacer\" data-id=\"8207919\" data-element_type=\"widget\" data-widget_type=\"spacer.default\">\n\t\t\t\t\t\t\t<div class=\"elementor-spacer\">\n\t\t\t<div class=\"elementor-spacer-inner\"><\/div>\n\t\t<\/div>\n\t\t\t\t\t\t<\/div>\n\t\t\t\t<div class=\"elementor-element elementor-element-236f28f elementor-widget elementor-widget-heading\" data-id=\"236f28f\" data-element_type=\"widget\" data-widget_type=\"heading.default\">\n\t\t\t\t\t<h2 class=\"elementor-heading-title elementor-size-default\">SOLUCIONES ADAPTADAS A TUS NECESIDADES<\/h2>\t\t\t\t<\/div>\n\t\t<div class=\"elementor-element elementor-element-96a90c6 e-con-full e-flex e-con e-child\" data-id=\"96a90c6\" data-element_type=\"container\">\n\t\t<div class=\"elementor-element elementor-element-5acbb7d e-grid e-con-full e-con e-child\" data-id=\"5acbb7d\" data-element_type=\"container\">\n\t\t\t\t<div class=\"elementor-element elementor-element-a80e62c elementor-position-top elementor-widget elementor-widget-image-box\" data-id=\"a80e62c\" data-element_type=\"widget\" data-widget_type=\"image-box.default\">\n\t\t\t\t\t<div class=\"elementor-image-box-wrapper\"><figure class=\"elementor-image-box-img\"><img decoding=\"async\" width=\"64\" height=\"54\" src=\"https:\/\/dinamiclab.staging-breakers.agency\/wp-content\/uploads\/2025\/11\/bulb-1.png\" class=\"attachment-full size-full wp-image-421\" alt=\"\" \/><\/figure><div class=\"elementor-image-box-content\"><h3 class=\"elementor-image-box-title\"><h2 data-elementor-setting-key=\"title\" data-pen-placeholder=\"Teclea aqu\u00ed...\" style=\", sans-serif;font-weight: 600;font-size: 21px\">Iluminacion<span style=\"font-family: Roboto, sans-serif;font-size: 1.75rem\"><\/span><\/h2><\/h3><\/div><\/div>\t\t\t\t<\/div>\n\t\t\t\t<div class=\"elementor-element elementor-element-593ac15 elementor-position-top elementor-widget elementor-widget-image-box\" data-id=\"593ac15\" data-element_type=\"widget\" data-widget_type=\"image-box.default\">\n\t\t\t\t\t<div class=\"elementor-image-box-wrapper\"><figure class=\"elementor-image-box-img\"><img decoding=\"async\" width=\"64\" height=\"54\" src=\"https:\/\/dinamiclab.staging-breakers.agency\/wp-content\/uploads\/2025\/11\/monitor-2.png\" class=\"attachment-full size-full wp-image-420\" alt=\"\" \/><\/figure><div class=\"elementor-image-box-content\"><h3 class=\"elementor-image-box-title\"><h2 class=\"elementor-heading-title elementor-size-default elementor-inline-editing pen\" data-elementor-setting-key=\"title\" data-pen-placeholder=\"Teclea aqu\u00ed...\" style=\", sans-serif;font-weight: 600;font-size: 21px\">Ingenier\u00eda audiovisual<span style=\"font-family: Roboto, sans-serif;font-size: 1.75rem\"><\/span><\/h2><\/h3><\/div><\/div>\t\t\t\t<\/div>\n\t\t\t\t<div class=\"elementor-element elementor-element-26e095a elementor-position-top elementor-widget elementor-widget-image-box\" data-id=\"26e095a\" data-element_type=\"widget\" data-widget_type=\"image-box.default\">\n\t\t\t\t\t<div class=\"elementor-image-box-wrapper\"><figure class=\"elementor-image-box-img\"><img loading=\"lazy\" decoding=\"async\" width=\"64\" height=\"54\" src=\"https:\/\/dinamiclab.staging-breakers.agency\/wp-content\/uploads\/2025\/11\/equalizer-1.png\" class=\"attachment-full size-full wp-image-418\" alt=\"\" \/><\/figure><div class=\"elementor-image-box-content\"><h3 class=\"elementor-image-box-title\"><h2 class=\"elementor-heading-title elementor-size-default elementor-inline-editing pen\" data-elementor-setting-key=\"title\" data-pen-placeholder=\"Teclea aqu\u00ed...\" style=\", sans-serif;font-weight: 600;font-size: 21px\">Ingenier\u00eda Dom\u00f3tica<span style=\"font-family: Roboto, sans-serif;font-size: 1.75rem\"><\/span><\/h2><\/h3><\/div><\/div>\t\t\t\t<\/div>\n\t\t\t\t<div class=\"elementor-element elementor-element-ea925d2 elementor-position-top elementor-widget elementor-widget-image-box\" data-id=\"ea925d2\" data-element_type=\"widget\" data-widget_type=\"image-box.default\">\n\t\t\t\t\t<div class=\"elementor-image-box-wrapper\"><figure class=\"elementor-image-box-img\"><img loading=\"lazy\" decoding=\"async\" width=\"64\" height=\"54\" src=\"https:\/\/dinamiclab.staging-breakers.agency\/wp-content\/uploads\/2025\/11\/lock-1.png\" class=\"attachment-full size-full wp-image-417\" alt=\"\" \/><\/figure><div class=\"elementor-image-box-content\"><h3 class=\"elementor-image-box-title\"><h2 data-elementor-setting-key=\"title\" data-pen-placeholder=\"Teclea aqu\u00ed...\" style=\", sans-serif;font-weight: 600;font-size: 21px\">Sistema seguridad<span style=\"font-family: Roboto, sans-serif;font-size: 1.75rem\"><\/span><\/h2><\/h3><\/div><\/div>\t\t\t\t<\/div>\n\t\t\t\t<div class=\"elementor-element elementor-element-c1a97c1 elementor-position-top elementor-widget elementor-widget-image-box\" data-id=\"c1a97c1\" data-element_type=\"widget\" data-widget_type=\"image-box.default\">\n\t\t\t\t\t<div class=\"elementor-image-box-wrapper\"><figure class=\"elementor-image-box-img\"><img loading=\"lazy\" decoding=\"async\" width=\"64\" height=\"54\" src=\"https:\/\/dinamiclab.staging-breakers.agency\/wp-content\/uploads\/2025\/11\/light.png\" class=\"attachment-full size-full wp-image-419\" alt=\"\" \/><\/figure><div class=\"elementor-image-box-content\"><h3 class=\"elementor-image-box-title\"><h3 data-elementor-setting-key=\"title_text\" data-elementor-inline-editing-toolbar=\"none\" data-pen-placeholder=\"Teclea aqu\u00ed...\" style=\"font-family: Roboto, sans-serif;font-weight: 600\"><\/h3><h2 data-elementor-setting-key=\"title\" data-pen-placeholder=\"Teclea aqu\u00ed...\" style=\", sans-serif;font-weight: 600;font-size: 21px\">Climatizaci\u00f3n<\/h2><\/h3><\/div><\/div>\t\t\t\t<\/div>\n\t\t\t\t<\/div>\n\t\t\t\t<\/div>\n\t\t\t\t<div class=\"elementor-element elementor-element-6b8b188 elementor-widget elementor-widget-spacer\" data-id=\"6b8b188\" data-element_type=\"widget\" data-widget_type=\"spacer.default\">\n\t\t\t\t\t\t\t<div class=\"elementor-spacer\">\n\t\t\t<div class=\"elementor-spacer-inner\"><\/div>\n\t\t<\/div>\n\t\t\t\t\t\t<\/div>\n\t\t\t\t<\/div>\n\t\t\t\t<\/div>\n\t\t\t\t<\/div>\n\t\t\t\t<\/div>\n\t\t","protected":false},"excerpt":{"rendered":"<p>Vivimos la innovaci\u00f3n y el sentido de la belleza en cada proyecto \u00bfQu\u00e9 es Dinamiclab? Es un laboratorio de dise\u00f1o e implementaci\u00f3n integral de proyectos tecnol\u00f3gicos de iluminaci\u00f3n, sonido, imagen, climatizaci\u00f3n y dom\u00f3tica avanzada\u00a0que comunica ambientes con dispositivos. Dinamiclab crea ambientes inteligentes. Ahora puedes gestionar a trav\u00e9s de un software o aplicaci\u00f3n m\u00f3vil las soluciones [&hellip;]<\/p>\n","protected":false},"author":1,"featured_media":0,"parent":0,"menu_order":0,"comment_status":"closed","ping_status":"closed","template":"","meta":{"footnotes":""},"class_list":["post-763","page","type-page","status-publish","hentry"],"_links":{"self":[{"href":"https:\/\/dinamiclab.staging-breakers.agency\/index.php\/wp-json\/wp\/v2\/pages\/763","targetHints":{"allow":["GET"]}}],"collection":[{"href":"https:\/\/dinamiclab.staging-breakers.agency\/index.php\/wp-json\/wp\/v2\/pages"}],"about":[{"href":"https:\/\/dinamiclab.staging-breakers.agency\/index.php\/wp-json\/wp\/v2\/types\/page"}],"author":[{"embeddable":true,"href":"https:\/\/dinamiclab.staging-breakers.agency\/index.php\/wp-json\/wp\/v2\/users\/1"}],"replies":[{"embeddable":true,"href":"https:\/\/dinamiclab.staging-breakers.agency\/index.php\/wp-json\/wp\/v2\/comments?post=763"}],"version-history":[{"count":19,"href":"https:\/\/dinamiclab.staging-breakers.agency\/index.php\/wp-json\/wp\/v2\/pages\/763\/revisions"}],"predecessor-version":[{"id":783,"href":"https:\/\/dinamiclab.staging-breakers.agency\/index.php\/wp-json\/wp\/v2\/pages\/763\/revisions\/783"}],"wp:attachment":[{"href":"https:\/\/dinamiclab.staging-breakers.agency\/index.php\/wp-json\/wp\/v2\/media?parent=763"}],"curies":[{"name":"wp","href":"https:\/\/api.w.org\/{rel}","templated":true}]}}