{"id":622,"date":"2025-11-27T16:33:38","date_gmt":"2025-11-27T21:33:38","guid":{"rendered":"https:\/\/dinamiclab.staging-breakers.agency\/?page_id=622"},"modified":"2025-11-27T19:41:04","modified_gmt":"2025-11-28T00:41:04","slug":"proyectos","status":"publish","type":"page","link":"https:\/\/dinamiclab.staging-breakers.agency\/index.php\/proyectos\/","title":{"rendered":"Proyectos"},"content":{"rendered":"\t\t<div data-elementor-type=\"wp-page\" data-elementor-id=\"622\" class=\"elementor elementor-622\" data-elementor-post-type=\"page\">\n\t\t\t\t<div class=\"elementor-element elementor-element-50ff2fe2 e-flex e-con-boxed e-con e-parent\" data-id=\"50ff2fe2\" data-element_type=\"container\" data-settings=\"{&quot;background_background&quot;:&quot;classic&quot;}\">\n\t\t\t\t\t<div class=\"e-con-inner\">\n\t\t<div class=\"elementor-element elementor-element-6db998cb e-flex e-con-boxed e-con e-child\" data-id=\"6db998cb\" data-element_type=\"container\">\n\t\t\t\t\t<div class=\"e-con-inner\">\n\t\t\t\t<div class=\"elementor-element elementor-element-58f3414b elementor-widget elementor-widget-heading\" data-id=\"58f3414b\" data-element_type=\"widget\" data-widget_type=\"heading.default\">\n\t\t\t\t\t<h2 class=\"elementor-heading-title elementor-size-default\">INSPIRATE CON ESTAS GENIALES IDEAS<\/h2>\t\t\t\t<\/div>\n\t\t\t\t\t<\/div>\n\t\t\t\t<\/div>\n\t\t\t\t\t<\/div>\n\t\t\t\t<\/div>\n\t\t<div class=\"elementor-element elementor-element-753c1141 e-flex e-con-boxed e-con e-parent\" data-id=\"753c1141\" data-element_type=\"container\">\n\t\t\t\t\t<div class=\"e-con-inner\">\n\t\t<div class=\"elementor-element elementor-element-2b157e14 e-con-full e-flex e-con e-child\" data-id=\"2b157e14\" data-element_type=\"container\">\n\t\t\t\t<div class=\"elementor-element elementor-element-5e8afd04 elementor-widget elementor-widget-image\" data-id=\"5e8afd04\" data-element_type=\"widget\" data-widget_type=\"image.default\">\n\t\t\t\t\t\t\t\t\t\t\t\t\t\t\t<img decoding=\"async\" width=\"124\" height=\"124\" src=\"https:\/\/dinamiclab.staging-breakers.agency\/wp-content\/uploads\/2025\/11\/dinamiclab-integracion-para-empresas.png\" class=\"attachment-large size-large wp-image-628\" alt=\"\" \/>\t\t\t\t\t\t\t\t\t\t\t\t\t\t\t<\/div>\n\t\t\t\t<div class=\"elementor-element elementor-element-67ec8de3 elementor-widget elementor-widget-heading\" data-id=\"67ec8de3\" data-element_type=\"widget\" data-widget_type=\"heading.default\">\n\t\t\t\t\t<h2 class=\"elementor-heading-title elementor-size-default\">EXPLORA LAS POSIBILIDADES\nDE LA TECNOLOG\u00cdA INTEGRADA\n<\/h2>\t\t\t\t<\/div>\n\t\t\t\t<div class=\"elementor-element elementor-element-4bfbfdcd elementor-widget elementor-widget-text-editor\" data-id=\"4bfbfdcd\" data-element_type=\"widget\" data-widget_type=\"text-editor.default\">\n\t\t\t\t\t\t\t\t\tDetr\u00e1s de estos proyectos se esconde la precisi\u00f3n de un trabajo que a\u00fana t\u00e9cnica y sentido est\u00e9tico con un resultado envidiable. Los nuevos tiempos necesitan soluciones creativas de conectividad fiables, mecanismos que dejan huella, aunque no se vean. Y si eres de mentalidad sostenible, enhorabuena, estar\u00e1s en sinton\u00eda con nuestros principios. Adelante:\t\t\t\t\t\t\t\t<\/div>\n\t\t\t\t<\/div>\n\t\t\t\t\t<\/div>\n\t\t\t\t<\/div>\n\t\t<div class=\"elementor-element elementor-element-c80573f e-flex e-con-boxed e-con e-parent\" data-id=\"c80573f\" data-element_type=\"container\">\n\t\t\t\t\t<div class=\"e-con-inner\">\n\t\t\t\t<div class=\"elementor-element elementor-element-f33f9d3 elementor-widget elementor-widget-heading\" data-id=\"f33f9d3\" data-element_type=\"widget\" data-widget_type=\"heading.default\">\n\t\t\t\t\t<h2 class=\"elementor-heading-title elementor-size-default\">PROYECTO DABL1<\/h2>\t\t\t\t<\/div>\n\t\t<div class=\"elementor-element elementor-element-e13673a e-grid e-con-full e-con e-child\" data-id=\"e13673a\" data-element_type=\"container\">\n\t\t\t\t<div class=\"elementor-element elementor-element-639a451 elementor-widget elementor-widget-ucaddon_uc_tiles_grid_image\" data-id=\"639a451\" data-element_type=\"widget\" data-widget_type=\"ucaddon_uc_tiles_grid_image.default\">\n\t\t\t\t<div class=\"elementor-widget-container\">\n\t\t\t\t\t\n<!-- start Tile Gallery -->\n\t\t<link id='font-awesome-css' href='https:\/\/dinamiclab.staging-breakers.agency\/wp-content\/plugins\/unlimited-elements-for-elementor-premium\/assets_libraries\/font-awesome6\/fontawesome-all.min.css' type='text\/css' rel='stylesheet' >\n\t\t<link id='font-awesome-4-shim-css' href='https:\/\/dinamiclab.staging-breakers.agency\/wp-content\/plugins\/unlimited-elements-for-elementor-premium\/assets_libraries\/font-awesome6\/fontawesome-v4-shims.min.css' type='text\/css' rel='stylesheet' >\n\t\t<link id='unitegallery-css' href='https:\/\/dinamiclab.staging-breakers.agency\/wp-content\/plugins\/unlimited-elements-for-elementor-premium\/assets_libraries\/unitegallery\/css\/unite-gallery.css' type='text\/css' rel='stylesheet' >\n\n<style>\/* widget: Tile Gallery *\/\n\n#uc_uc_tiles_grid_image_elementor_639a451-wrapper{\n  min-height: 1px;\n}\n\n#uc_uc_tiles_grid_image_elementor_639a451{\n  margin:0 auto;\n  direction:ltr;\n  display: none;\n}\n\n\n\n<\/style>\n\n<div id=\"uc_uc_tiles_grid_image_elementor_639a451-wrapper\">\n  <div id=\"uc_uc_tiles_grid_image_elementor_639a451\" class=\"uc-items-wrapper\" data-custom-sethtml=\"true\" >\n    \n<img decoding=\"async\" alt=\"Proyecto-CasMata\"\n   src=\"https:\/\/dinamiclab.staging-breakers.agency\/wp-content\/uploads\/2025\/11\/Proyecto-CasMata.jpg\"\n    data-image=\"https:\/\/dinamiclab.staging-breakers.agency\/wp-content\/uploads\/2025\/11\/Proyecto-CasMata.jpg\"\n    data-title=\"Proyecto-CasMata\">\n\n<img decoding=\"async\" alt=\"Detalle-altavoces-de-jardin-III\"\n   src=\"https:\/\/dinamiclab.staging-breakers.agency\/wp-content\/uploads\/2025\/11\/Detalle-altavoces-de-jardin-III-1.jpg\"\n    data-image=\"https:\/\/dinamiclab.staging-breakers.agency\/wp-content\/uploads\/2025\/11\/Detalle-altavoces-de-jardin-III-1.jpg\"\n    data-title=\"Detalle-altavoces-de-jardin-III\">\n\n<img decoding=\"async\" alt=\"Iluminacion-Salon\"\n   src=\"https:\/\/dinamiclab.staging-breakers.agency\/wp-content\/uploads\/2025\/11\/Iluminacion-Salon.jpg\"\n    data-image=\"https:\/\/dinamiclab.staging-breakers.agency\/wp-content\/uploads\/2025\/11\/Iluminacion-Salon.jpg\"\n    data-title=\"Iluminacion-Salon\">\n\n<img decoding=\"async\" alt=\"Iluminacion-Salon-2\"\n   src=\"https:\/\/dinamiclab.staging-breakers.agency\/wp-content\/uploads\/2025\/11\/Iluminacion-Salon-2.jpg\"\n    data-image=\"https:\/\/dinamiclab.staging-breakers.agency\/wp-content\/uploads\/2025\/11\/Iluminacion-Salon-2.jpg\"\n    data-title=\"Iluminacion-Salon-2\">\n\n<img decoding=\"async\" alt=\"Iluminacion-bano\"\n   src=\"https:\/\/dinamiclab.staging-breakers.agency\/wp-content\/uploads\/2025\/11\/Iluminacion-bano.jpg\"\n    data-image=\"https:\/\/dinamiclab.staging-breakers.agency\/wp-content\/uploads\/2025\/11\/Iluminacion-bano.jpg\"\n    data-title=\"Iluminacion-bano\">\n  \n  <\/div>\n<\/div>\n<!-- end Tile Gallery -->\t\t\t\t<\/div>\n\t\t\t\t<\/div>\n\t\t\t\t<div class=\"elementor-element elementor-element-dddc4d6 elementor-widget elementor-widget-video\" data-id=\"dddc4d6\" data-element_type=\"widget\" data-settings=\"{&quot;youtube_url&quot;:&quot;https:\\\/\\\/www.youtube.com\\\/watch?v=nXlweRNrIQo&quot;,&quot;video_type&quot;:&quot;youtube&quot;,&quot;controls&quot;:&quot;yes&quot;}\" data-widget_type=\"video.default\">\n\t\t\t\t\t\t\t<div class=\"elementor-wrapper elementor-open-inline\">\n\t\t\t<div class=\"elementor-video\"><\/div>\t\t<\/div>\n\t\t\t\t\t\t<\/div>\n\t\t\t\t<\/div>\n\t\t\t\t\t<\/div>\n\t\t\t\t<\/div>\n\t\t<div class=\"elementor-element elementor-element-6b9674a e-flex e-con-boxed e-con e-parent\" data-id=\"6b9674a\" data-element_type=\"container\">\n\t\t\t\t\t<div class=\"e-con-inner\">\n\t\t\t\t<div class=\"elementor-element elementor-element-1e13323 elementor-widget elementor-widget-heading\" data-id=\"1e13323\" data-element_type=\"widget\" data-widget_type=\"heading.default\">\n\t\t\t\t\t<h2 class=\"elementor-heading-title elementor-size-default\">PROYECTO DABL2<\/h2>\t\t\t\t<\/div>\n\t\t<div class=\"elementor-element elementor-element-7028c23 e-grid e-con-full e-con e-child\" data-id=\"7028c23\" data-element_type=\"container\">\n\t\t\t\t<div class=\"elementor-element elementor-element-fd599f1 elementor-widget elementor-widget-ucaddon_uc_tiles_grid_image\" data-id=\"fd599f1\" data-element_type=\"widget\" data-widget_type=\"ucaddon_uc_tiles_grid_image.default\">\n\t\t\t\t<div class=\"elementor-widget-container\">\n\t\t\t\t\t\n<!-- start Tile Gallery -->\n\n<style>\/* widget: Tile Gallery *\/\n\n#uc_uc_tiles_grid_image_elementor_fd599f1-wrapper{\n  min-height: 1px;\n}\n\n#uc_uc_tiles_grid_image_elementor_fd599f1{\n  margin:0 auto;\n  direction:ltr;\n  display: none;\n}\n\n\n\n<\/style>\n\n<div id=\"uc_uc_tiles_grid_image_elementor_fd599f1-wrapper\">\n  <div id=\"uc_uc_tiles_grid_image_elementor_fd599f1\" class=\"uc-items-wrapper\" data-custom-sethtml=\"true\" >\n    \n<img decoding=\"async\" alt=\"Proyecto-CasMata\"\n   src=\"https:\/\/dinamiclab.staging-breakers.agency\/wp-content\/uploads\/2025\/11\/Proyecto-CasMata.jpg\"\n    data-image=\"https:\/\/dinamiclab.staging-breakers.agency\/wp-content\/uploads\/2025\/11\/Proyecto-CasMata.jpg\"\n    data-title=\"Proyecto-CasMata\">\n\n<img decoding=\"async\" alt=\"Detalle-altavoces-de-jardin-III\"\n   src=\"https:\/\/dinamiclab.staging-breakers.agency\/wp-content\/uploads\/2025\/11\/Detalle-altavoces-de-jardin-III-1.jpg\"\n    data-image=\"https:\/\/dinamiclab.staging-breakers.agency\/wp-content\/uploads\/2025\/11\/Detalle-altavoces-de-jardin-III-1.jpg\"\n    data-title=\"Detalle-altavoces-de-jardin-III\">\n\n<img decoding=\"async\" alt=\"Iluminacion-Salon\"\n   src=\"https:\/\/dinamiclab.staging-breakers.agency\/wp-content\/uploads\/2025\/11\/Iluminacion-Salon.jpg\"\n    data-image=\"https:\/\/dinamiclab.staging-breakers.agency\/wp-content\/uploads\/2025\/11\/Iluminacion-Salon.jpg\"\n    data-title=\"Iluminacion-Salon\">\n\n<img decoding=\"async\" alt=\"Iluminacion-Salon-2\"\n   src=\"https:\/\/dinamiclab.staging-breakers.agency\/wp-content\/uploads\/2025\/11\/Iluminacion-Salon-2.jpg\"\n    data-image=\"https:\/\/dinamiclab.staging-breakers.agency\/wp-content\/uploads\/2025\/11\/Iluminacion-Salon-2.jpg\"\n    data-title=\"Iluminacion-Salon-2\">\n\n<img decoding=\"async\" alt=\"Iluminacion-bano\"\n   src=\"https:\/\/dinamiclab.staging-breakers.agency\/wp-content\/uploads\/2025\/11\/Iluminacion-bano.jpg\"\n    data-image=\"https:\/\/dinamiclab.staging-breakers.agency\/wp-content\/uploads\/2025\/11\/Iluminacion-bano.jpg\"\n    data-title=\"Iluminacion-bano\">\n  \n  <\/div>\n<\/div>\n<!-- end Tile Gallery -->\t\t\t\t<\/div>\n\t\t\t\t<\/div>\n\t\t\t\t<div class=\"elementor-element elementor-element-066708f elementor-widget elementor-widget-video\" data-id=\"066708f\" data-element_type=\"widget\" data-settings=\"{&quot;youtube_url&quot;:&quot;https:\\\/\\\/www.youtube.com\\\/watch?v=6Yb08v3NE_4&quot;,&quot;video_type&quot;:&quot;youtube&quot;,&quot;controls&quot;:&quot;yes&quot;}\" data-widget_type=\"video.default\">\n\t\t\t\t\t\t\t<div class=\"elementor-wrapper elementor-open-inline\">\n\t\t\t<div class=\"elementor-video\"><\/div>\t\t<\/div>\n\t\t\t\t\t\t<\/div>\n\t\t\t\t<\/div>\n\t\t\t\t\t<\/div>\n\t\t\t\t<\/div>\n\t\t<div class=\"elementor-element elementor-element-d292e34 e-con-full e-flex e-con e-parent\" data-id=\"d292e34\" data-element_type=\"container\">\n\t\t<div class=\"elementor-element elementor-element-e69a5dc e-con-full e-flex e-con e-child\" data-id=\"e69a5dc\" data-element_type=\"container\" data-settings=\"{&quot;background_background&quot;:&quot;classic&quot;}\">\n\t\t\t\t<div class=\"elementor-element elementor-element-b513e70 elementor-widget elementor-widget-spacer\" data-id=\"b513e70\" data-element_type=\"widget\" data-widget_type=\"spacer.default\">\n\t\t\t\t\t\t\t<div class=\"elementor-spacer\">\n\t\t\t<div class=\"elementor-spacer-inner\"><\/div>\n\t\t<\/div>\n\t\t\t\t\t\t<\/div>\n\t\t\t\t<div class=\"elementor-element elementor-element-45bbf82 elementor-widget elementor-widget-heading\" data-id=\"45bbf82\" data-element_type=\"widget\" data-widget_type=\"heading.default\">\n\t\t\t\t\t<h2 class=\"elementor-heading-title elementor-size-default\">SOLUCIONES ADAPTADAS A TUS NECESIDADES<\/h2>\t\t\t\t<\/div>\n\t\t<div class=\"elementor-element elementor-element-6879373 e-con-full e-flex e-con e-child\" data-id=\"6879373\" data-element_type=\"container\">\n\t\t<div class=\"elementor-element elementor-element-d0fcfdf e-grid e-con-full e-con e-child\" data-id=\"d0fcfdf\" data-element_type=\"container\">\n\t\t\t\t<div class=\"elementor-element elementor-element-bc10d20 elementor-position-top elementor-widget elementor-widget-image-box\" data-id=\"bc10d20\" data-element_type=\"widget\" data-widget_type=\"image-box.default\">\n\t\t\t\t\t<div class=\"elementor-image-box-wrapper\"><figure class=\"elementor-image-box-img\"><img decoding=\"async\" width=\"64\" height=\"54\" src=\"https:\/\/dinamiclab.staging-breakers.agency\/wp-content\/uploads\/2025\/11\/bulb-1.png\" class=\"attachment-full size-full wp-image-421\" alt=\"\" \/><\/figure><div class=\"elementor-image-box-content\"><h3 class=\"elementor-image-box-title\"><h2 data-elementor-setting-key=\"title\" data-pen-placeholder=\"Teclea aqu\u00ed...\" style=\", sans-serif;font-weight: 600;font-size: 21px\">Iluminacion<span style=\"font-family: Roboto, sans-serif;font-size: 1.75rem\"><\/span><\/h2><\/h3><\/div><\/div>\t\t\t\t<\/div>\n\t\t\t\t<div class=\"elementor-element elementor-element-86f1c9d elementor-position-top elementor-widget elementor-widget-image-box\" data-id=\"86f1c9d\" data-element_type=\"widget\" data-widget_type=\"image-box.default\">\n\t\t\t\t\t<div class=\"elementor-image-box-wrapper\"><figure class=\"elementor-image-box-img\"><img decoding=\"async\" width=\"64\" height=\"54\" src=\"https:\/\/dinamiclab.staging-breakers.agency\/wp-content\/uploads\/2025\/11\/monitor-2.png\" class=\"attachment-full size-full wp-image-420\" alt=\"\" \/><\/figure><div class=\"elementor-image-box-content\"><h3 class=\"elementor-image-box-title\"><h2 class=\"elementor-heading-title elementor-size-default elementor-inline-editing pen\" data-elementor-setting-key=\"title\" data-pen-placeholder=\"Teclea aqu\u00ed...\" style=\", sans-serif;font-weight: 600;font-size: 21px\">Ingenier\u00eda audiovisual<span style=\"font-family: Roboto, sans-serif;font-size: 1.75rem\"><\/span><\/h2><\/h3><\/div><\/div>\t\t\t\t<\/div>\n\t\t\t\t<div class=\"elementor-element elementor-element-0144c87 elementor-position-top elementor-widget elementor-widget-image-box\" data-id=\"0144c87\" data-element_type=\"widget\" data-widget_type=\"image-box.default\">\n\t\t\t\t\t<div class=\"elementor-image-box-wrapper\"><figure class=\"elementor-image-box-img\"><img loading=\"lazy\" decoding=\"async\" width=\"64\" height=\"54\" src=\"https:\/\/dinamiclab.staging-breakers.agency\/wp-content\/uploads\/2025\/11\/equalizer-1.png\" class=\"attachment-full size-full wp-image-418\" alt=\"\" \/><\/figure><div class=\"elementor-image-box-content\"><h3 class=\"elementor-image-box-title\"><h2 class=\"elementor-heading-title elementor-size-default elementor-inline-editing pen\" data-elementor-setting-key=\"title\" data-pen-placeholder=\"Teclea aqu\u00ed...\" style=\", sans-serif;font-weight: 600;font-size: 21px\">Ingenier\u00eda Dom\u00f3tica<span style=\"font-family: Roboto, sans-serif;font-size: 1.75rem\"><\/span><\/h2><\/h3><\/div><\/div>\t\t\t\t<\/div>\n\t\t\t\t<div class=\"elementor-element elementor-element-4e879b9 elementor-position-top elementor-widget elementor-widget-image-box\" data-id=\"4e879b9\" data-element_type=\"widget\" data-widget_type=\"image-box.default\">\n\t\t\t\t\t<div class=\"elementor-image-box-wrapper\"><figure class=\"elementor-image-box-img\"><img loading=\"lazy\" decoding=\"async\" width=\"64\" height=\"54\" src=\"https:\/\/dinamiclab.staging-breakers.agency\/wp-content\/uploads\/2025\/11\/lock-1.png\" class=\"attachment-full size-full wp-image-417\" alt=\"\" \/><\/figure><div class=\"elementor-image-box-content\"><h3 class=\"elementor-image-box-title\"><h2 data-elementor-setting-key=\"title\" data-pen-placeholder=\"Teclea aqu\u00ed...\" style=\", sans-serif;font-weight: 600;font-size: 21px\">Sistema seguridad<span style=\"font-family: Roboto, sans-serif;font-size: 1.75rem\"><\/span><\/h2><\/h3><\/div><\/div>\t\t\t\t<\/div>\n\t\t\t\t<div class=\"elementor-element elementor-element-938795b elementor-position-top elementor-widget elementor-widget-image-box\" data-id=\"938795b\" data-element_type=\"widget\" data-widget_type=\"image-box.default\">\n\t\t\t\t\t<div class=\"elementor-image-box-wrapper\"><figure class=\"elementor-image-box-img\"><img loading=\"lazy\" decoding=\"async\" width=\"64\" height=\"54\" src=\"https:\/\/dinamiclab.staging-breakers.agency\/wp-content\/uploads\/2025\/11\/light.png\" class=\"attachment-full size-full wp-image-419\" alt=\"\" \/><\/figure><div class=\"elementor-image-box-content\"><h3 class=\"elementor-image-box-title\"><h3 data-elementor-setting-key=\"title_text\" data-elementor-inline-editing-toolbar=\"none\" data-pen-placeholder=\"Teclea aqu\u00ed...\" style=\"font-family: Roboto, sans-serif;font-weight: 600\"><\/h3><h2 data-elementor-setting-key=\"title\" data-pen-placeholder=\"Teclea aqu\u00ed...\" style=\", sans-serif;font-weight: 600;font-size: 21px\">Climatizaci\u00f3n<\/h2><\/h3><\/div><\/div>\t\t\t\t<\/div>\n\t\t\t\t<\/div>\n\t\t\t\t<\/div>\n\t\t\t\t<div class=\"elementor-element elementor-element-240089f elementor-widget elementor-widget-spacer\" data-id=\"240089f\" data-element_type=\"widget\" data-widget_type=\"spacer.default\">\n\t\t\t\t\t\t\t<div class=\"elementor-spacer\">\n\t\t\t<div class=\"elementor-spacer-inner\"><\/div>\n\t\t<\/div>\n\t\t\t\t\t\t<\/div>\n\t\t\t\t<\/div>\n\t\t\t\t<\/div>\n\t\t\t\t<\/div>\n\t\t","protected":false},"excerpt":{"rendered":"<p>INSPIRATE CON ESTAS GENIALES IDEAS EXPLORA LAS POSIBILIDADES DE LA TECNOLOG\u00cdA INTEGRADA Detr\u00e1s de estos proyectos se esconde la precisi\u00f3n de un trabajo que a\u00fana t\u00e9cnica y sentido est\u00e9tico con un resultado envidiable. Los nuevos tiempos necesitan soluciones creativas de conectividad fiables, mecanismos que dejan huella, aunque no se vean. Y si eres de mentalidad [&hellip;]<\/p>\n","protected":false},"author":1,"featured_media":0,"parent":0,"menu_order":0,"comment_status":"closed","ping_status":"closed","template":"","meta":{"footnotes":""},"class_list":["post-622","page","type-page","status-publish","hentry"],"_links":{"self":[{"href":"https:\/\/dinamiclab.staging-breakers.agency\/index.php\/wp-json\/wp\/v2\/pages\/622","targetHints":{"allow":["GET"]}}],"collection":[{"href":"https:\/\/dinamiclab.staging-breakers.agency\/index.php\/wp-json\/wp\/v2\/pages"}],"about":[{"href":"https:\/\/dinamiclab.staging-breakers.agency\/index.php\/wp-json\/wp\/v2\/types\/page"}],"author":[{"embeddable":true,"href":"https:\/\/dinamiclab.staging-breakers.agency\/index.php\/wp-json\/wp\/v2\/users\/1"}],"replies":[{"embeddable":true,"href":"https:\/\/dinamiclab.staging-breakers.agency\/index.php\/wp-json\/wp\/v2\/comments?post=622"}],"version-history":[{"count":82,"href":"https:\/\/dinamiclab.staging-breakers.agency\/index.php\/wp-json\/wp\/v2\/pages\/622\/revisions"}],"predecessor-version":[{"id":722,"href":"https:\/\/dinamiclab.staging-breakers.agency\/index.php\/wp-json\/wp\/v2\/pages\/622\/revisions\/722"}],"wp:attachment":[{"href":"https:\/\/dinamiclab.staging-breakers.agency\/index.php\/wp-json\/wp\/v2\/media?parent=622"}],"curies":[{"name":"wp","href":"https:\/\/api.w.org\/{rel}","templated":true}]}}