{"id":513,"date":"2025-11-26T19:08:39","date_gmt":"2025-11-27T00:08:39","guid":{"rendered":"https:\/\/dinamiclab.staging-breakers.agency\/?page_id=513"},"modified":"2025-11-26T19:12:33","modified_gmt":"2025-11-27T00:12:33","slug":"climatizacion","status":"publish","type":"page","link":"https:\/\/dinamiclab.staging-breakers.agency\/index.php\/climatizacion\/","title":{"rendered":"Climatizaci\u00f3n"},"content":{"rendered":"\t\t<div data-elementor-type=\"wp-page\" data-elementor-id=\"513\" class=\"elementor elementor-513\" data-elementor-post-type=\"page\">\n\t\t\t\t<div class=\"elementor-element elementor-element-10adaa76 e-flex e-con-boxed e-con e-parent\" data-id=\"10adaa76\" data-element_type=\"container\" data-settings=\"{&quot;background_background&quot;:&quot;classic&quot;}\">\n\t\t\t\t\t<div class=\"e-con-inner\">\n\t\t<div class=\"elementor-element elementor-element-429962e2 e-flex e-con-boxed e-con e-child\" data-id=\"429962e2\" data-element_type=\"container\">\n\t\t\t\t\t<div class=\"e-con-inner\">\n\t\t\t\t<div class=\"elementor-element elementor-element-304e5db3 elementor-widget elementor-widget-heading\" data-id=\"304e5db3\" data-element_type=\"widget\" data-widget_type=\"heading.default\">\n\t\t\t\t\t<h2 class=\"elementor-heading-title elementor-size-default\">INTEGRACI\u00d3N PARA EMPRESAS<\/h2>\t\t\t\t<\/div>\n\t\t\t\t<div class=\"elementor-element elementor-element-3d941d5 elementor-widget elementor-widget-text-editor\" data-id=\"3d941d5\" data-element_type=\"widget\" data-widget_type=\"text-editor.default\">\n\t\t\t\t\t\t\t\t\t<div class=\"wpb_text_column wpb_content_element ttl\"><h4><i>Iluminaci\u00f3n, audiovisual, dom\u00f3tica, seguridad, climatizci\u00f3n<\/i><\/h4><\/div><div class=\"wpb_text_column wpb_content_element wpb_animate_when_almost_visible wpb_bottom-to-top bottom-to-top wpb_start_animation animated\"><div class=\"wpb_wrapper\">\u00a0<\/div><\/div>\t\t\t\t\t\t\t\t<\/div>\n\t\t\t\t\t<\/div>\n\t\t\t\t<\/div>\n\t\t\t\t\t<\/div>\n\t\t\t\t<\/div>\n\t\t<div class=\"elementor-element elementor-element-5e8c4d25 e-flex e-con-boxed e-con e-parent\" data-id=\"5e8c4d25\" data-element_type=\"container\">\n\t\t\t\t\t<div class=\"e-con-inner\">\n\t\t<div class=\"elementor-element elementor-element-6e991f09 e-con-full e-flex e-con e-child\" data-id=\"6e991f09\" data-element_type=\"container\">\n\t\t\t\t<div class=\"elementor-element elementor-element-3e5ba227 elementor-widget elementor-widget-image\" data-id=\"3e5ba227\" data-element_type=\"widget\" data-widget_type=\"image.default\">\n\t\t\t\t\t\t\t\t\t\t\t\t\t\t\t<img decoding=\"async\" width=\"124\" height=\"124\" src=\"https:\/\/dinamiclab.staging-breakers.agency\/wp-content\/uploads\/2025\/11\/dinamiclab-integracion-para-empresas-con-proyeccion.png\" class=\"attachment-large size-large wp-image-532\" alt=\"\" \/>\t\t\t\t\t\t\t\t\t\t\t\t\t\t\t<\/div>\n\t\t\t\t<div class=\"elementor-element elementor-element-2736fcbc elementor-widget elementor-widget-heading\" data-id=\"2736fcbc\" data-element_type=\"widget\" data-widget_type=\"heading.default\">\n\t\t\t\t\t<h2 class=\"elementor-heading-title elementor-size-default\">Nuevas oportunidades de negocio para las empresas con proyecci\u00f3n<\/h2>\t\t\t\t<\/div>\n\t\t\t\t<div class=\"elementor-element elementor-element-2582f6d0 elementor-widget elementor-widget-text-editor\" data-id=\"2582f6d0\" data-element_type=\"widget\" data-widget_type=\"text-editor.default\">\n\t\t\t\t\t\t\t\t\t<p>El d\u00eda que Steve Jobs reinvent\u00f3 la telefon\u00eda lo hizo desde un auditorio preparado con la tecnolog\u00eda de comunicaci\u00f3n de entonces. Pantalla gigante, sonido y micr\u00f3fonos adaptados a la ac\u00fastica del lugar, infraestructura t\u00e9cnica para la transmisi\u00f3n por TV, visualizaci\u00f3n en directo\u2026<\/p><p style=\"text-align: center;\">\u00bfQu\u00e9 impacto hubiese tenido una conferencia tan revolucionaria sin los sistemas audiovisuales? La era de los eventos de impacto cuenta con la tecnolog\u00eda de su parte.\u00a0<strong>Ni siquiera el p\u00fablico m\u00e1s dif\u00edcil se resiste a los encantos de una presentaci\u00f3n que aporte valor, en todos los sentidos.<\/strong><\/p>\t\t\t\t\t\t\t\t<\/div>\n\t\t\t\t<\/div>\n\t\t\t\t\t<\/div>\n\t\t\t\t<\/div>\n\t\t<div class=\"elementor-element elementor-element-5907d5d4 e-flex e-con-boxed e-con e-parent\" data-id=\"5907d5d4\" data-element_type=\"container\" data-settings=\"{&quot;background_background&quot;:&quot;classic&quot;}\">\n\t\t\t\t\t<div class=\"e-con-inner\">\n\t\t\t\t<div class=\"elementor-element elementor-element-70c6bc2b elementor-widget elementor-widget-spacer\" data-id=\"70c6bc2b\" data-element_type=\"widget\" data-widget_type=\"spacer.default\">\n\t\t\t\t\t\t\t<div class=\"elementor-spacer\">\n\t\t\t<div class=\"elementor-spacer-inner\"><\/div>\n\t\t<\/div>\n\t\t\t\t\t\t<\/div>\n\t\t\t\t<div class=\"elementor-element elementor-element-41cdcd14 elementor-widget elementor-widget-heading\" data-id=\"41cdcd14\" data-element_type=\"widget\" data-widget_type=\"heading.default\">\n\t\t\t\t\t<h2 class=\"elementor-heading-title elementor-size-default\">\nDinamiclab gu\u00eda a empresas\n<\/h2>\t\t\t\t<\/div>\n\t\t\t\t<div class=\"elementor-element elementor-element-27c7a5e elementor-widget elementor-widget-heading\" data-id=\"27c7a5e\" data-element_type=\"widget\" data-widget_type=\"heading.default\">\n\t\t\t\t\t<h2 class=\"elementor-heading-title elementor-size-default\">\n\nhasta la decisi\u00f3n acertada.<\/h2>\t\t\t\t<\/div>\n\t\t\t\t<div class=\"elementor-element elementor-element-47ad74cb elementor-widget elementor-widget-spacer\" data-id=\"47ad74cb\" data-element_type=\"widget\" data-widget_type=\"spacer.default\">\n\t\t\t\t\t\t\t<div class=\"elementor-spacer\">\n\t\t\t<div class=\"elementor-spacer-inner\"><\/div>\n\t\t<\/div>\n\t\t\t\t\t\t<\/div>\n\t\t\t\t<div class=\"elementor-element elementor-element-91a67ae elementor-align-center elementor-widget elementor-widget-button\" data-id=\"91a67ae\" data-element_type=\"widget\" data-widget_type=\"button.default\">\n\t\t\t\t\t\t\t\t\t\t<a class=\"elementor-button elementor-size-sm\" role=\"button\">\n\t\t\t\t\t\t<span class=\"elementor-button-content-wrapper\">\n\t\t\t\t\t\t\t\t\t<span class=\"elementor-button-text\">Quiero saber M\u00e1s<\/span>\n\t\t\t\t\t<\/span>\n\t\t\t\t\t<\/a>\n\t\t\t\t\t\t\t\t<\/div>\n\t\t\t\t<div class=\"elementor-element elementor-element-77a1e49c elementor-widget elementor-widget-spacer\" data-id=\"77a1e49c\" data-element_type=\"widget\" data-widget_type=\"spacer.default\">\n\t\t\t\t\t\t\t<div class=\"elementor-spacer\">\n\t\t\t<div class=\"elementor-spacer-inner\"><\/div>\n\t\t<\/div>\n\t\t\t\t\t\t<\/div>\n\t\t\t\t\t<\/div>\n\t\t\t\t<\/div>\n\t\t<div class=\"elementor-element elementor-element-4044fbf3 e-flex e-con-boxed e-con e-parent\" data-id=\"4044fbf3\" data-element_type=\"container\" data-settings=\"{&quot;background_background&quot;:&quot;classic&quot;}\">\n\t\t\t\t\t<div class=\"e-con-inner\">\n\t\t\t\t<div class=\"elementor-element elementor-element-301c9002 elementor-widget elementor-widget-text-editor\" data-id=\"301c9002\" data-element_type=\"widget\" data-widget_type=\"text-editor.default\">\n\t\t\t\t\t\t\t\t\t<p style=\"text-align: center;\"><strong>En Dinamiclab lo sabemos. Y entendemos a los medios tecnol\u00f3gicos tambi\u00e9n como nuevas oportunidades de negocio para las empresas con proyecci\u00f3n.<\/strong><\/p><p style=\"text-align: center;\">Estamos convencidos de que no existe compa\u00f1\u00eda ni evento lo suficientemente peque\u00f1os si el prop\u00f3sito es grande. Por ello analizamos cada caso y planteamos alternativas con la misma rigurosidad que en las citas multitudinarias. Porque el \u00e9xito es mayor cuando lo compartes.<\/p>\t\t\t\t\t\t\t\t<\/div>\n\t\t\t\t<div class=\"elementor-element elementor-element-2adcc1b elementor-widget elementor-widget-text-editor\" data-id=\"2adcc1b\" data-element_type=\"widget\" data-widget_type=\"text-editor.default\">\n\t\t\t\t\t\t\t\t\t<div class=\"wpb_text_column wpb_content_element ttl\"><div class=\"wpb_wrapper\"><h2 style=\"background: 0px 0px; border: 0px; padding: 0px; vertical-align: baseline; outline: 0px; font-weight: 200; font-family: 'Source Sans Pro'; font-size: 60px; line-height: 1em; color: #79756f; text-align: center; margin: 70px !important 0px 0px 0px;\">Sistemas de comunicaci\u00f3n para empresas<\/h2><\/div><\/div>\t\t\t\t\t\t\t\t<\/div>\n\t\t\t\t<div class=\"elementor-element elementor-element-058583c elementor-widget elementor-widget-text-editor\" data-id=\"058583c\" data-element_type=\"widget\" data-widget_type=\"text-editor.default\">\n\t\t\t\t\t\t\t\t\t<p style=\"text-align: center;\">Estudiamos la singularidad de cada espacio para el desarrollo t\u00e9cnico adecuado. En ocasiones la ac\u00fastica (resonancia\/eco) es un factor tan relevante comparable a la luz del lugar, como en el caso de recintos religiosos y sus caracter\u00edsticas de edificaci\u00f3n.<\/p>\t\t\t\t\t\t\t\t<\/div>\n\t\t\t\t\t<\/div>\n\t\t\t\t<\/div>\n\t\t<div class=\"elementor-element elementor-element-5a8ca519 e-flex e-con-boxed e-con e-parent\" data-id=\"5a8ca519\" data-element_type=\"container\" data-settings=\"{&quot;background_background&quot;:&quot;classic&quot;}\">\n\t\t\t\t\t<div class=\"e-con-inner\">\n\t\t\t\t<div class=\"elementor-element elementor-element-4081fa6b elementor-widget elementor-widget-spacer\" data-id=\"4081fa6b\" data-element_type=\"widget\" data-widget_type=\"spacer.default\">\n\t\t\t\t\t\t\t<div class=\"elementor-spacer\">\n\t\t\t<div class=\"elementor-spacer-inner\"><\/div>\n\t\t<\/div>\n\t\t\t\t\t\t<\/div>\n\t\t\t\t<div class=\"elementor-element elementor-element-54570e8 elementor-widget elementor-widget-heading\" data-id=\"54570e8\" data-element_type=\"widget\" data-widget_type=\"heading.default\">\n\t\t\t\t\t<h2 class=\"elementor-heading-title elementor-size-default\">SOLUCIONES ADAPTADAS A TUS NECESIDADES<\/h2>\t\t\t\t<\/div>\n\t\t<div class=\"elementor-element elementor-element-1ad5c1c6 e-con-full e-flex e-con e-child\" data-id=\"1ad5c1c6\" data-element_type=\"container\">\n\t\t<div class=\"elementor-element elementor-element-e9fbac9 e-grid e-con-full e-con e-child\" data-id=\"e9fbac9\" data-element_type=\"container\">\n\t\t\t\t<div class=\"elementor-element elementor-element-ae44fca elementor-position-top elementor-widget elementor-widget-image-box\" data-id=\"ae44fca\" data-element_type=\"widget\" data-widget_type=\"image-box.default\">\n\t\t\t\t\t<div class=\"elementor-image-box-wrapper\"><figure class=\"elementor-image-box-img\"><img decoding=\"async\" width=\"64\" height=\"54\" src=\"https:\/\/dinamiclab.staging-breakers.agency\/wp-content\/uploads\/2025\/11\/bulb-1.png\" class=\"attachment-full size-full wp-image-421\" alt=\"\" \/><\/figure><div class=\"elementor-image-box-content\"><h3 class=\"elementor-image-box-title\"><h2 data-elementor-setting-key=\"title\" data-pen-placeholder=\"Teclea aqu\u00ed...\" style=\", sans-serif;font-weight: 600;font-size: 21px\">Iluminacion<span style=\"font-family: Roboto, sans-serif;font-size: 1.75rem\"><\/span><\/h2><\/h3><\/div><\/div>\t\t\t\t<\/div>\n\t\t\t\t<div class=\"elementor-element elementor-element-3d40b8f elementor-position-top elementor-widget elementor-widget-image-box\" data-id=\"3d40b8f\" data-element_type=\"widget\" data-widget_type=\"image-box.default\">\n\t\t\t\t\t<div class=\"elementor-image-box-wrapper\"><figure class=\"elementor-image-box-img\"><img decoding=\"async\" width=\"64\" height=\"54\" src=\"https:\/\/dinamiclab.staging-breakers.agency\/wp-content\/uploads\/2025\/11\/monitor-2.png\" class=\"attachment-full size-full wp-image-420\" alt=\"\" \/><\/figure><div class=\"elementor-image-box-content\"><h3 class=\"elementor-image-box-title\"><h2 class=\"elementor-heading-title elementor-size-default elementor-inline-editing pen\" data-elementor-setting-key=\"title\" data-pen-placeholder=\"Teclea aqu\u00ed...\" style=\", sans-serif;font-weight: 600;font-size: 21px\">Ingenier\u00eda audiovisual<span style=\"font-family: Roboto, sans-serif;font-size: 1.75rem\"><\/span><\/h2><\/h3><\/div><\/div>\t\t\t\t<\/div>\n\t\t\t\t<div class=\"elementor-element elementor-element-96cb080 elementor-position-top elementor-widget elementor-widget-image-box\" data-id=\"96cb080\" data-element_type=\"widget\" data-widget_type=\"image-box.default\">\n\t\t\t\t\t<div class=\"elementor-image-box-wrapper\"><figure class=\"elementor-image-box-img\"><img loading=\"lazy\" decoding=\"async\" width=\"64\" height=\"54\" src=\"https:\/\/dinamiclab.staging-breakers.agency\/wp-content\/uploads\/2025\/11\/equalizer-1.png\" class=\"attachment-full size-full wp-image-418\" alt=\"\" \/><\/figure><div class=\"elementor-image-box-content\"><h3 class=\"elementor-image-box-title\"><h2 class=\"elementor-heading-title elementor-size-default elementor-inline-editing pen\" data-elementor-setting-key=\"title\" data-pen-placeholder=\"Teclea aqu\u00ed...\" style=\", sans-serif;font-weight: 600;font-size: 21px\">Ingenier\u00eda Dom\u00f3tica<span style=\"font-family: Roboto, sans-serif;font-size: 1.75rem\"><\/span><\/h2><\/h3><\/div><\/div>\t\t\t\t<\/div>\n\t\t\t\t<div class=\"elementor-element elementor-element-12574d7 elementor-position-top elementor-widget elementor-widget-image-box\" data-id=\"12574d7\" data-element_type=\"widget\" data-widget_type=\"image-box.default\">\n\t\t\t\t\t<div class=\"elementor-image-box-wrapper\"><figure class=\"elementor-image-box-img\"><img loading=\"lazy\" decoding=\"async\" width=\"64\" height=\"54\" src=\"https:\/\/dinamiclab.staging-breakers.agency\/wp-content\/uploads\/2025\/11\/lock-1.png\" class=\"attachment-full size-full wp-image-417\" alt=\"\" \/><\/figure><div class=\"elementor-image-box-content\"><h3 class=\"elementor-image-box-title\"><h2 data-elementor-setting-key=\"title\" data-pen-placeholder=\"Teclea aqu\u00ed...\" style=\", sans-serif;font-weight: 600;font-size: 21px\">Sistema seguridad<span style=\"font-family: Roboto, sans-serif;font-size: 1.75rem\"><\/span><\/h2><\/h3><\/div><\/div>\t\t\t\t<\/div>\n\t\t\t\t<div class=\"elementor-element elementor-element-4754cf8 elementor-position-top elementor-widget elementor-widget-image-box\" data-id=\"4754cf8\" data-element_type=\"widget\" data-widget_type=\"image-box.default\">\n\t\t\t\t\t<div class=\"elementor-image-box-wrapper\"><figure class=\"elementor-image-box-img\"><img loading=\"lazy\" decoding=\"async\" width=\"64\" height=\"54\" src=\"https:\/\/dinamiclab.staging-breakers.agency\/wp-content\/uploads\/2025\/11\/light.png\" class=\"attachment-full size-full wp-image-419\" alt=\"\" \/><\/figure><div class=\"elementor-image-box-content\"><h3 class=\"elementor-image-box-title\"><h3 data-elementor-setting-key=\"title_text\" data-elementor-inline-editing-toolbar=\"none\" data-pen-placeholder=\"Teclea aqu\u00ed...\" style=\"font-family: Roboto, sans-serif;font-weight: 600\"><\/h3><h2 data-elementor-setting-key=\"title\" data-pen-placeholder=\"Teclea aqu\u00ed...\" style=\", sans-serif;font-weight: 600;font-size: 21px\">Climatizaci\u00f3n<\/h2><\/h3><\/div><\/div>\t\t\t\t<\/div>\n\t\t\t\t<\/div>\n\t\t\t\t<\/div>\n\t\t\t\t<div class=\"elementor-element elementor-element-490d7f5 elementor-widget elementor-widget-spacer\" data-id=\"490d7f5\" data-element_type=\"widget\" data-widget_type=\"spacer.default\">\n\t\t\t\t\t\t\t<div class=\"elementor-spacer\">\n\t\t\t<div class=\"elementor-spacer-inner\"><\/div>\n\t\t<\/div>\n\t\t\t\t\t\t<\/div>\n\t\t\t\t\t<\/div>\n\t\t\t\t<\/div>\n\t\t\t\t<\/div>\n\t\t","protected":false},"excerpt":{"rendered":"<p>INTEGRACI\u00d3N PARA EMPRESAS Iluminaci\u00f3n, audiovisual, dom\u00f3tica, seguridad, climatizci\u00f3n \u00a0 Nuevas oportunidades de negocio para las empresas con proyecci\u00f3n El d\u00eda que Steve Jobs reinvent\u00f3 la telefon\u00eda lo hizo desde un auditorio preparado con la tecnolog\u00eda de comunicaci\u00f3n de entonces. Pantalla gigante, sonido y micr\u00f3fonos adaptados a la ac\u00fastica del lugar, infraestructura t\u00e9cnica para la transmisi\u00f3n [&hellip;]<\/p>\n","protected":false},"author":1,"featured_media":0,"parent":0,"menu_order":0,"comment_status":"closed","ping_status":"closed","template":"","meta":{"footnotes":""},"class_list":["post-513","page","type-page","status-publish","hentry"],"_links":{"self":[{"href":"https:\/\/dinamiclab.staging-breakers.agency\/index.php\/wp-json\/wp\/v2\/pages\/513","targetHints":{"allow":["GET"]}}],"collection":[{"href":"https:\/\/dinamiclab.staging-breakers.agency\/index.php\/wp-json\/wp\/v2\/pages"}],"about":[{"href":"https:\/\/dinamiclab.staging-breakers.agency\/index.php\/wp-json\/wp\/v2\/types\/page"}],"author":[{"embeddable":true,"href":"https:\/\/dinamiclab.staging-breakers.agency\/index.php\/wp-json\/wp\/v2\/users\/1"}],"replies":[{"embeddable":true,"href":"https:\/\/dinamiclab.staging-breakers.agency\/index.php\/wp-json\/wp\/v2\/comments?post=513"}],"version-history":[{"count":4,"href":"https:\/\/dinamiclab.staging-breakers.agency\/index.php\/wp-json\/wp\/v2\/pages\/513\/revisions"}],"predecessor-version":[{"id":545,"href":"https:\/\/dinamiclab.staging-breakers.agency\/index.php\/wp-json\/wp\/v2\/pages\/513\/revisions\/545"}],"wp:attachment":[{"href":"https:\/\/dinamiclab.staging-breakers.agency\/index.php\/wp-json\/wp\/v2\/media?parent=513"}],"curies":[{"name":"wp","href":"https:\/\/api.w.org\/{rel}","templated":true}]}}