{"id":496,"date":"2025-11-26T18:58:48","date_gmt":"2025-11-26T23:58:48","guid":{"rendered":"https:\/\/dinamiclab.staging-breakers.agency\/?page_id=496"},"modified":"2025-11-26T19:18:53","modified_gmt":"2025-11-27T00:18:53","slug":"blog","status":"publish","type":"page","link":"https:\/\/dinamiclab.staging-breakers.agency\/index.php\/blog\/","title":{"rendered":"Blog"},"content":{"rendered":"\t\t<div data-elementor-type=\"wp-page\" data-elementor-id=\"496\" class=\"elementor elementor-496\" data-elementor-post-type=\"page\">\n\t\t\t\t<div class=\"elementor-element elementor-element-2da285a7 e-flex e-con-boxed e-con e-parent\" data-id=\"2da285a7\" data-element_type=\"container\" data-settings=\"{&quot;background_background&quot;:&quot;classic&quot;}\">\n\t\t\t\t\t<div class=\"e-con-inner\">\n\t\t\t\t<div class=\"elementor-element elementor-element-b330495 elementor-widget elementor-widget-ucaddon_post_blocks\" data-id=\"b330495\" data-element_type=\"widget\" data-widget_type=\"ucaddon_post_blocks.default\">\n\t\t\t\t<div class=\"elementor-widget-container\">\n\t\t\t\t\t\n<!-- start Post Blocks -->\n\t\t<link id='font-awesome-css' href='https:\/\/dinamiclab.staging-breakers.agency\/wp-content\/plugins\/unlimited-elements-for-elementor-premium\/assets_libraries\/font-awesome6\/fontawesome-all.min.css' type='text\/css' rel='stylesheet' >\n\t\t<link id='font-awesome-4-shim-css' href='https:\/\/dinamiclab.staging-breakers.agency\/wp-content\/plugins\/unlimited-elements-for-elementor-premium\/assets_libraries\/font-awesome6\/fontawesome-v4-shims.min.css' type='text\/css' rel='stylesheet' >\n\n<style>\/* widget: Post Blocks *\/\n\n\r\n@keyframes uc_post_blocks_elementor_b330495__item-animation {\r\n  0% {\r\n            transform:scale(1.3);\r\n        \t        \tfilter: blur(10px);\r\n\t\t\t\r\n    \t    opacity: 0;\r\n  }\r\n  100% {\r\n            transform:scale(1);\r\n        \t            filter: blur(0px);\r\n            \r\n    \t\topacity: 1;\r\n  }\r\n}\r\n\r\n\r\n#uc_post_blocks_elementor_b330495 .ue_post_blocks_box{\r\n\topacity:0;\r\n}\r\n\r\n\r\n#uc_post_blocks_elementor_b330495 .uc-entrance-animate {\r\n  opacity:1;\r\n}\r\n\r\n#uc_post_blocks_elementor_b330495 .uc-entrance-animate {\r\n\tanimation: uc_post_blocks_elementor_b330495__item-animation 0.6s cubic-bezier(0.470, 0.000, 0.745, 0.715) both;\r\n}\r\n\r\n\t\t\t\n\n#uc_post_blocks_elementor_b330495 {\n    display:grid;\n}\n#uc_post_blocks_elementor_b330495 .ue_post_blocks_box\n{\n  overflow:hidden;\n}\n\n#uc_post_blocks_elementor_b330495 .ue_post_blocks_image\n{\n  overflow:hidden;\n}\n#uc_post_blocks_elementor_b330495 .ue_post_blocks_image img\n{\n  width:100%;\n  display:block;\n}\n#uc_post_blocks_elementor_b330495 .ue_post_blocks_link a\n{\n  display:inline-block;\n  text-decoration:none;\n  text-align:center;\n}\n\n\n#uc_post_blocks_elementor_b330495 .ue-grid-item-meta-data\n{\n  display:inlin-flex;\n  flex-wrap: wrap;\n}\n\n.ue-grid-item-meta-data\n{\n  font-size:12px;\n}\n\n#uc_post_blocks_elementor_b330495 .ue-grid-item-meta-data-icon\n{\n  line-height:1em;\n}\n\n#uc_post_blocks_elementor_b330495 .ue-grid-item-meta-data-icon svg\n{\n  width:1em;\n  height:1em;\n}\n\n#uc_post_blocks_elementor_b330495 .ue_post_blocks_box{\n  display: flex;\n  flex-direction: column;\n}\n#uc_post_blocks_elementor_b330495 .ue_post_blocks_content{\n display: flex; flex-grow: 1;\n flex-direction: column;\n}\n#uc_post_blocks_elementor_b330495 .ue_post_blocks_link{ margin-top: auto;\n}\n\n.ue-grid-item-category a\n{\n  display:inline-block;\n  font-size:10px;\n  text-transform:uppercase;\n}\n\n\n\n\n<\/style>\n\n<div id=\"uc_post_blocks_elementor_b330495\" class=\"ue_post_blocks uc-items-wrapper uc-filterable-grid \"  data-ajax='true'  data-filterbehave='ajax'  querydata='{&quot;count_posts&quot;:3,&quot;total_posts&quot;:3,&quot;page&quot;:1,&quot;num_pages&quot;:1}'>\n    <div class=\"ue_post_blocks_box\">\n    <div class=\"ue_post_blocks_image\">\n    <a href=\"https:\/\/dinamiclab.staging-breakers.agency\/index.php\/2025\/11\/25\/como-lograr-que-mi-nevera-enfrie-bien-en-verano\/\" style=\"display:block;\"><img fetchpriority=\"high\" decoding=\"async\" src=\"https:\/\/dinamiclab.staging-breakers.agency\/wp-content\/uploads\/2025\/11\/nevera-1-768x384.jpg\"  src=\"https:\/\/dinamiclab.staging-breakers.agency\/wp-content\/uploads\/2025\/11\/nevera-1-768x384.jpg\" alt=\"nevera (1)\" width=\"768\" height=\"384\"><\/a>\n  <\/div>\n    <div class=\"ue_post_blocks_content\">\n      \n     \n         \n    <div class=\"ue_post_blocks_title\"><a href=\"https:\/\/dinamiclab.staging-breakers.agency\/index.php\/2025\/11\/25\/como-lograr-que-mi-nevera-enfrie-bien-en-verano\/\">\u00bfC\u00f3mo lograr que mi nevera enfr\u00ede bien en verano?<\/a><\/div>    \n        \n    \n    <div class=\"ue_post_blocks_text\"><\/div>        \t<div class=\"ue_post_blocks_link\">\n          <a class=\" \" href='https:\/\/dinamiclab.staging-breakers.agency\/index.php\/2025\/11\/25\/como-lograr-que-mi-nevera-enfrie-bien-en-verano\/'>Leer M\u00e1s<\/a>\n    \t<\/div>\n      <\/div>\n<\/div>\n<div class=\"ue_post_blocks_box\">\n    <div class=\"ue_post_blocks_image\">\n    <a href=\"https:\/\/dinamiclab.staging-breakers.agency\/index.php\/2025\/11\/25\/como-dar-acceso-remoto-a-tu-casa-con-un-timbre-inteligente\/\" style=\"display:block;\"><img decoding=\"async\" src=\"https:\/\/dinamiclab.staging-breakers.agency\/wp-content\/uploads\/2025\/11\/timbre-inteligente-768x512.jpg\"  src=\"https:\/\/dinamiclab.staging-breakers.agency\/wp-content\/uploads\/2025\/11\/timbre-inteligente-768x512.jpg\" alt=\"timbre-inteligente\" width=\"768\" height=\"512\"><\/a>\n  <\/div>\n    <div class=\"ue_post_blocks_content\">\n      \n     \n         \n    <div class=\"ue_post_blocks_title\"><a href=\"https:\/\/dinamiclab.staging-breakers.agency\/index.php\/2025\/11\/25\/como-dar-acceso-remoto-a-tu-casa-con-un-timbre-inteligente\/\">\u00bfC\u00f3mo dar acceso remoto a tu casa con un timbre inteligente?<\/a><\/div>    \n        \n    \n    <div class=\"ue_post_blocks_text\"><\/div>        \t<div class=\"ue_post_blocks_link\">\n          <a class=\" \" href='https:\/\/dinamiclab.staging-breakers.agency\/index.php\/2025\/11\/25\/como-dar-acceso-remoto-a-tu-casa-con-un-timbre-inteligente\/'>Leer M\u00e1s<\/a>\n    \t<\/div>\n      <\/div>\n<\/div>\n<div class=\"ue_post_blocks_box\">\n    <div class=\"ue_post_blocks_image\">\n    <a href=\"https:\/\/dinamiclab.staging-breakers.agency\/index.php\/2025\/11\/24\/ahorro-si-apago-el-frigorifico-cuando-me-voy-de-casa\/\" style=\"display:block;\"><img decoding=\"async\" src=\"https:\/\/dinamiclab.staging-breakers.agency\/wp-content\/uploads\/2025\/11\/Nevera-768x432.jpg\"  src=\"https:\/\/dinamiclab.staging-breakers.agency\/wp-content\/uploads\/2025\/11\/Nevera-768x432.jpg\" alt=\"Nevera\" width=\"768\" height=\"432\"><\/a>\n  <\/div>\n    <div class=\"ue_post_blocks_content\">\n      \n     \n         \n    <div class=\"ue_post_blocks_title\"><a href=\"https:\/\/dinamiclab.staging-breakers.agency\/index.php\/2025\/11\/24\/ahorro-si-apago-el-frigorifico-cuando-me-voy-de-casa\/\">\u00bfAhorro si apago el frigor\u00edfico cuando me voy de casa?<\/a><\/div>    \n        \n    \n    <div class=\"ue_post_blocks_text\">Bienvenido(a) a WordPress. Esta es tu primera entrada. Ed\u00edtala o b\u00f3rrala \u00a1y comienza a publicar!<\/div>        \t<div class=\"ue_post_blocks_link\">\n          <a class=\" \" href='https:\/\/dinamiclab.staging-breakers.agency\/index.php\/2025\/11\/24\/ahorro-si-apago-el-frigorifico-cuando-me-voy-de-casa\/'>Leer M\u00e1s<\/a>\n    \t<\/div>\n      <\/div>\n<\/div>\n\n<\/div>\n<!-- end Post Blocks -->\t\t\t\t<\/div>\n\t\t\t\t<\/div>\n\t\t\t\t\t<\/div>\n\t\t\t\t<\/div>\n\t\t\t\t<\/div>\n\t\t","protected":false},"excerpt":{"rendered":"<p>\u00bfC\u00f3mo lograr que mi nevera enfr\u00ede bien en verano? Leer M\u00e1s \u00bfC\u00f3mo dar acceso remoto a tu casa con un timbre inteligente? Leer M\u00e1s \u00bfAhorro si apago el frigor\u00edfico cuando me voy de casa? Bienvenido(a) a WordPress. Esta es tu primera entrada. Ed\u00edtala o b\u00f3rrala \u00a1y comienza a publicar! Leer M\u00e1s 1 2 3 4 [&hellip;]<\/p>\n","protected":false},"author":1,"featured_media":0,"parent":0,"menu_order":0,"comment_status":"closed","ping_status":"closed","template":"","meta":{"footnotes":""},"class_list":["post-496","page","type-page","status-publish","hentry"],"_links":{"self":[{"href":"https:\/\/dinamiclab.staging-breakers.agency\/index.php\/wp-json\/wp\/v2\/pages\/496","targetHints":{"allow":["GET"]}}],"collection":[{"href":"https:\/\/dinamiclab.staging-breakers.agency\/index.php\/wp-json\/wp\/v2\/pages"}],"about":[{"href":"https:\/\/dinamiclab.staging-breakers.agency\/index.php\/wp-json\/wp\/v2\/types\/page"}],"author":[{"embeddable":true,"href":"https:\/\/dinamiclab.staging-breakers.agency\/index.php\/wp-json\/wp\/v2\/users\/1"}],"replies":[{"embeddable":true,"href":"https:\/\/dinamiclab.staging-breakers.agency\/index.php\/wp-json\/wp\/v2\/comments?post=496"}],"version-history":[{"count":37,"href":"https:\/\/dinamiclab.staging-breakers.agency\/index.php\/wp-json\/wp\/v2\/pages\/496\/revisions"}],"predecessor-version":[{"id":551,"href":"https:\/\/dinamiclab.staging-breakers.agency\/index.php\/wp-json\/wp\/v2\/pages\/496\/revisions\/551"}],"wp:attachment":[{"href":"https:\/\/dinamiclab.staging-breakers.agency\/index.php\/wp-json\/wp\/v2\/media?parent=496"}],"curies":[{"name":"wp","href":"https:\/\/api.w.org\/{rel}","templated":true}]}}