{"id":493,"date":"2025-11-26T19:00:41","date_gmt":"2025-11-27T00:00:41","guid":{"rendered":"https:\/\/dinamiclab.staging-breakers.agency\/?page_id=493"},"modified":"2025-11-26T19:01:31","modified_gmt":"2025-11-27T00:01:31","slug":"sistemas-de-seguridad","status":"publish","type":"page","link":"https:\/\/dinamiclab.staging-breakers.agency\/index.php\/sistemas-de-seguridad\/","title":{"rendered":"Sistemas de Seguridad"},"content":{"rendered":"\t\t<div data-elementor-type=\"wp-page\" data-elementor-id=\"493\" class=\"elementor elementor-493\" data-elementor-post-type=\"page\">\n\t\t\t\t<div class=\"elementor-element elementor-element-43974799 e-flex e-con-boxed e-con e-parent\" data-id=\"43974799\" data-element_type=\"container\" data-settings=\"{&quot;background_background&quot;:&quot;classic&quot;}\">\n\t\t\t\t\t<div class=\"e-con-inner\">\n\t\t<div class=\"elementor-element elementor-element-4826ea71 e-flex e-con-boxed e-con e-child\" data-id=\"4826ea71\" data-element_type=\"container\">\n\t\t\t\t\t<div class=\"e-con-inner\">\n\t\t\t\t<div class=\"elementor-element elementor-element-37e94cb6 elementor-widget elementor-widget-heading\" data-id=\"37e94cb6\" data-element_type=\"widget\" data-widget_type=\"heading.default\">\n\t\t\t\t\t<h2 class=\"elementor-heading-title elementor-size-default\">ACCESOS BAJO CONTOL ABSOLUTO<\/h2>\t\t\t\t<\/div>\n\t\t\t\t\t<\/div>\n\t\t\t\t<\/div>\n\t\t\t\t\t<\/div>\n\t\t\t\t<\/div>\n\t\t<div class=\"elementor-element elementor-element-677c81a2 e-flex e-con-boxed e-con e-parent\" data-id=\"677c81a2\" data-element_type=\"container\">\n\t\t\t\t\t<div class=\"e-con-inner\">\n\t\t<div class=\"elementor-element elementor-element-40f4114f e-con-full e-flex e-con e-child\" data-id=\"40f4114f\" data-element_type=\"container\">\n\t\t\t\t<div class=\"elementor-element elementor-element-61d682a4 elementor-widget elementor-widget-image\" data-id=\"61d682a4\" data-element_type=\"widget\" data-widget_type=\"image.default\">\n\t\t\t\t\t\t\t\t\t\t\t\t\t\t\t<img decoding=\"async\" width=\"124\" height=\"124\" src=\"https:\/\/dinamiclab.staging-breakers.agency\/wp-content\/uploads\/2025\/11\/sistemas-de-seguridad-dinamiclab.png\" class=\"attachment-large size-large wp-image-495\" alt=\"\" \/>\t\t\t\t\t\t\t\t\t\t\t\t\t\t\t<\/div>\n\t\t\t\t<div class=\"elementor-element elementor-element-7295dd59 elementor-widget elementor-widget-heading\" data-id=\"7295dd59\" data-element_type=\"widget\" data-widget_type=\"heading.default\">\n\t\t\t\t\t<h2 class=\"elementor-heading-title elementor-size-default\">El control de los accesos al hogar o la empresa<\/h2>\t\t\t\t<\/div>\n\t\t\t\t<div class=\"elementor-element elementor-element-15ad56a8 elementor-widget elementor-widget-text-editor\" data-id=\"15ad56a8\" data-element_type=\"widget\" data-widget_type=\"text-editor.default\">\n\t\t\t\t\t\t\t\t\t<p style=\"text-align: center;\">va m\u00e1s all\u00e1 de la verificaci\u00f3n num\u00e9rica de visitas por medios electr\u00f3nicos y mec\u00e1nicos. Significa, adem\u00e1s, que puedes ajustar diferentes variables del entorno, como la intensidad de la luz seg\u00fan la presencia de personas, o incluso nivel de temperatura del espacio a partir del an\u00e1lisis de los datos recibidos.<\/p><p style=\"text-align: center;\"><strong>Las ventajas son ilimitadas:<\/strong>\u00a0estudio de la eficiencia de recursos, obtenci\u00f3n de base de datos con informaci\u00f3n de visitas, horarios de afluencia, reducci\u00f3n de tiempos de espera. Tendr\u00e1s capacidad de establecer protocolos de acceso predefinidos para cada usuario en busca de una gesti\u00f3n libre de preocupaciones.<\/p>\t\t\t\t\t\t\t\t<\/div>\n\t\t\t\t<\/div>\n\t\t\t\t\t<\/div>\n\t\t\t\t<\/div>\n\t\t<div class=\"elementor-element elementor-element-669535f4 e-flex e-con-boxed e-con e-parent\" data-id=\"669535f4\" data-element_type=\"container\" data-settings=\"{&quot;background_background&quot;:&quot;classic&quot;}\">\n\t\t\t\t\t<div class=\"e-con-inner\">\n\t\t\t\t<div class=\"elementor-element elementor-element-a494b78 elementor-widget elementor-widget-spacer\" data-id=\"a494b78\" data-element_type=\"widget\" data-widget_type=\"spacer.default\">\n\t\t\t\t\t\t\t<div class=\"elementor-spacer\">\n\t\t\t<div class=\"elementor-spacer-inner\"><\/div>\n\t\t<\/div>\n\t\t\t\t\t\t<\/div>\n\t\t\t\t<div class=\"elementor-element elementor-element-7c52f67d elementor-widget elementor-widget-heading\" data-id=\"7c52f67d\" data-element_type=\"widget\" data-widget_type=\"heading.default\">\n\t\t\t\t\t<h2 class=\"elementor-heading-title elementor-size-default\"> Un excelente complemento\na los sistemas de seguridad<\/h2>\t\t\t\t<\/div>\n\t\t\t\t<div class=\"elementor-element elementor-element-333ae20f elementor-widget elementor-widget-spacer\" data-id=\"333ae20f\" data-element_type=\"widget\" data-widget_type=\"spacer.default\">\n\t\t\t\t\t\t\t<div class=\"elementor-spacer\">\n\t\t\t<div class=\"elementor-spacer-inner\"><\/div>\n\t\t<\/div>\n\t\t\t\t\t\t<\/div>\n\t\t\t\t<div class=\"elementor-element elementor-element-150326d3 elementor-align-center elementor-widget elementor-widget-button\" data-id=\"150326d3\" data-element_type=\"widget\" data-widget_type=\"button.default\">\n\t\t\t\t\t\t\t\t\t\t<a class=\"elementor-button elementor-size-sm\" role=\"button\">\n\t\t\t\t\t\t<span class=\"elementor-button-content-wrapper\">\n\t\t\t\t\t\t\t\t\t<span class=\"elementor-button-text\">Quiero saber M\u00e1s<\/span>\n\t\t\t\t\t<\/span>\n\t\t\t\t\t<\/a>\n\t\t\t\t\t\t\t\t<\/div>\n\t\t\t\t<div class=\"elementor-element elementor-element-3bb615ec elementor-widget elementor-widget-spacer\" data-id=\"3bb615ec\" data-element_type=\"widget\" data-widget_type=\"spacer.default\">\n\t\t\t\t\t\t\t<div class=\"elementor-spacer\">\n\t\t\t<div class=\"elementor-spacer-inner\"><\/div>\n\t\t<\/div>\n\t\t\t\t\t\t<\/div>\n\t\t\t\t\t<\/div>\n\t\t\t\t<\/div>\n\t\t<div class=\"elementor-element elementor-element-7ce64d5 e-flex e-con-boxed e-con e-parent\" data-id=\"7ce64d5\" data-element_type=\"container\" data-settings=\"{&quot;background_background&quot;:&quot;classic&quot;}\">\n\t\t\t\t\t<div class=\"e-con-inner\">\n\t\t\t\t<div class=\"elementor-element elementor-element-64ba7552 elementor-widget elementor-widget-text-editor\" data-id=\"64ba7552\" data-element_type=\"widget\" data-widget_type=\"text-editor.default\">\n\t\t\t\t\t\t\t\t\t<p style=\"text-align: center;\">El control de accesos representa un excelente complemento a los sistemas de seguridad mec\u00e1nicos al integrarse perfectamente con ellos. La administraci\u00f3n de accesos a puertas y ventanas son las principales utilidades, aunque tambi\u00e9n es una soluciones flexible adaptable a trasteros, garajes, salidas de mascotas, etc.<\/p><p style=\"text-align: center;\"><strong>Obt\u00e9n un plus de seguridad con lectores de matr\u00edcula autom\u00e1ticos.<\/strong>\u00a0El software lee, registra y almacena la identificaci\u00f3n de los veh\u00edculos en los accesos a la propiedad, medida de vigilancia de r\u00e1pida respuesta y control eficiente de la circulaci\u00f3n.<\/p><p style=\"text-align: center;\">Gestiona el control de accesos con lectores de placas desde tu dispositivo m\u00f3vil, est\u00e9s donde est\u00e9s.<\/p><p style=\"text-align: center;\">\u00a0<\/p>\t\t\t\t\t\t\t\t<\/div>\n\t\t\t\t\t<\/div>\n\t\t\t\t<\/div>\n\t\t<div class=\"elementor-element elementor-element-7420848 e-flex e-con-boxed e-con e-parent\" data-id=\"7420848\" data-element_type=\"container\" data-settings=\"{&quot;background_background&quot;:&quot;classic&quot;}\">\n\t\t\t\t\t<div class=\"e-con-inner\">\n\t\t\t\t<div class=\"elementor-element elementor-element-64440793 elementor-widget elementor-widget-spacer\" data-id=\"64440793\" data-element_type=\"widget\" data-widget_type=\"spacer.default\">\n\t\t\t\t\t\t\t<div class=\"elementor-spacer\">\n\t\t\t<div class=\"elementor-spacer-inner\"><\/div>\n\t\t<\/div>\n\t\t\t\t\t\t<\/div>\n\t\t\t\t<div class=\"elementor-element elementor-element-60aa92ef elementor-widget elementor-widget-heading\" data-id=\"60aa92ef\" data-element_type=\"widget\" data-widget_type=\"heading.default\">\n\t\t\t\t\t<h2 class=\"elementor-heading-title elementor-size-default\">SOLUCIONES ADAPTADAS A TUS NECESIDADES<\/h2>\t\t\t\t<\/div>\n\t\t<div class=\"elementor-element elementor-element-3507995d e-con-full e-flex e-con e-child\" data-id=\"3507995d\" data-element_type=\"container\">\n\t\t<div class=\"elementor-element elementor-element-a7f63b4 e-grid e-con-full e-con e-child\" data-id=\"a7f63b4\" data-element_type=\"container\">\n\t\t\t\t<div class=\"elementor-element elementor-element-ef8ed1b elementor-position-top elementor-widget elementor-widget-image-box\" data-id=\"ef8ed1b\" data-element_type=\"widget\" data-widget_type=\"image-box.default\">\n\t\t\t\t\t<div class=\"elementor-image-box-wrapper\"><figure class=\"elementor-image-box-img\"><img decoding=\"async\" width=\"64\" height=\"54\" src=\"https:\/\/dinamiclab.staging-breakers.agency\/wp-content\/uploads\/2025\/11\/bulb-1.png\" class=\"attachment-full size-full wp-image-421\" alt=\"\" \/><\/figure><div class=\"elementor-image-box-content\"><h3 class=\"elementor-image-box-title\"><h2 data-elementor-setting-key=\"title\" data-pen-placeholder=\"Teclea aqu\u00ed...\" style=\", sans-serif;font-weight: 600;font-size: 21px\">Iluminacion<span style=\"font-family: Roboto, sans-serif;font-size: 1.75rem\"><\/span><\/h2><\/h3><\/div><\/div>\t\t\t\t<\/div>\n\t\t\t\t<div class=\"elementor-element elementor-element-e5548e4 elementor-position-top elementor-widget elementor-widget-image-box\" data-id=\"e5548e4\" data-element_type=\"widget\" data-widget_type=\"image-box.default\">\n\t\t\t\t\t<div class=\"elementor-image-box-wrapper\"><figure class=\"elementor-image-box-img\"><img decoding=\"async\" width=\"64\" height=\"54\" src=\"https:\/\/dinamiclab.staging-breakers.agency\/wp-content\/uploads\/2025\/11\/monitor-2.png\" class=\"attachment-full size-full wp-image-420\" alt=\"\" \/><\/figure><div class=\"elementor-image-box-content\"><h3 class=\"elementor-image-box-title\"><h2 class=\"elementor-heading-title elementor-size-default elementor-inline-editing pen\" data-elementor-setting-key=\"title\" data-pen-placeholder=\"Teclea aqu\u00ed...\" style=\", sans-serif;font-weight: 600;font-size: 21px\">Ingenier\u00eda audiovisual<span style=\"font-family: Roboto, sans-serif;font-size: 1.75rem\"><\/span><\/h2><\/h3><\/div><\/div>\t\t\t\t<\/div>\n\t\t\t\t<div class=\"elementor-element elementor-element-56ede84 elementor-position-top elementor-widget elementor-widget-image-box\" data-id=\"56ede84\" data-element_type=\"widget\" data-widget_type=\"image-box.default\">\n\t\t\t\t\t<div class=\"elementor-image-box-wrapper\"><figure class=\"elementor-image-box-img\"><img loading=\"lazy\" decoding=\"async\" width=\"64\" height=\"54\" src=\"https:\/\/dinamiclab.staging-breakers.agency\/wp-content\/uploads\/2025\/11\/equalizer-1.png\" class=\"attachment-full size-full wp-image-418\" alt=\"\" \/><\/figure><div class=\"elementor-image-box-content\"><h3 class=\"elementor-image-box-title\"><h2 class=\"elementor-heading-title elementor-size-default elementor-inline-editing pen\" data-elementor-setting-key=\"title\" data-pen-placeholder=\"Teclea aqu\u00ed...\" style=\", sans-serif;font-weight: 600;font-size: 21px\">Ingenier\u00eda Dom\u00f3tica<span style=\"font-family: Roboto, sans-serif;font-size: 1.75rem\"><\/span><\/h2><\/h3><\/div><\/div>\t\t\t\t<\/div>\n\t\t\t\t<div class=\"elementor-element elementor-element-613dc3a elementor-position-top elementor-widget elementor-widget-image-box\" data-id=\"613dc3a\" data-element_type=\"widget\" data-widget_type=\"image-box.default\">\n\t\t\t\t\t<div class=\"elementor-image-box-wrapper\"><figure class=\"elementor-image-box-img\"><img loading=\"lazy\" decoding=\"async\" width=\"64\" height=\"54\" src=\"https:\/\/dinamiclab.staging-breakers.agency\/wp-content\/uploads\/2025\/11\/lock-1.png\" class=\"attachment-full size-full wp-image-417\" alt=\"\" \/><\/figure><div class=\"elementor-image-box-content\"><h3 class=\"elementor-image-box-title\"><h2 data-elementor-setting-key=\"title\" data-pen-placeholder=\"Teclea aqu\u00ed...\" style=\", sans-serif;font-weight: 600;font-size: 21px\">Sistema seguridad<span style=\"font-family: Roboto, sans-serif;font-size: 1.75rem\"><\/span><\/h2><\/h3><\/div><\/div>\t\t\t\t<\/div>\n\t\t\t\t<div class=\"elementor-element elementor-element-eac9b3b elementor-position-top elementor-widget elementor-widget-image-box\" data-id=\"eac9b3b\" data-element_type=\"widget\" data-widget_type=\"image-box.default\">\n\t\t\t\t\t<div class=\"elementor-image-box-wrapper\"><figure class=\"elementor-image-box-img\"><img loading=\"lazy\" decoding=\"async\" width=\"64\" height=\"54\" src=\"https:\/\/dinamiclab.staging-breakers.agency\/wp-content\/uploads\/2025\/11\/light.png\" class=\"attachment-full size-full wp-image-419\" alt=\"\" \/><\/figure><div class=\"elementor-image-box-content\"><h3 class=\"elementor-image-box-title\"><h3 data-elementor-setting-key=\"title_text\" data-elementor-inline-editing-toolbar=\"none\" data-pen-placeholder=\"Teclea aqu\u00ed...\" style=\"font-family: Roboto, sans-serif;font-weight: 600\"><\/h3><h2 data-elementor-setting-key=\"title\" data-pen-placeholder=\"Teclea aqu\u00ed...\" style=\", sans-serif;font-weight: 600;font-size: 21px\">Climatizaci\u00f3n<\/h2><\/h3><\/div><\/div>\t\t\t\t<\/div>\n\t\t\t\t<\/div>\n\t\t\t\t<\/div>\n\t\t\t\t<div class=\"elementor-element elementor-element-3eeeee5b elementor-widget elementor-widget-spacer\" data-id=\"3eeeee5b\" data-element_type=\"widget\" data-widget_type=\"spacer.default\">\n\t\t\t\t\t\t\t<div class=\"elementor-spacer\">\n\t\t\t<div class=\"elementor-spacer-inner\"><\/div>\n\t\t<\/div>\n\t\t\t\t\t\t<\/div>\n\t\t\t\t\t<\/div>\n\t\t\t\t<\/div>\n\t\t\t\t<\/div>\n\t\t","protected":false},"excerpt":{"rendered":"<p>ACCESOS BAJO CONTOL ABSOLUTO El control de los accesos al hogar o la empresa va m\u00e1s all\u00e1 de la verificaci\u00f3n num\u00e9rica de visitas por medios electr\u00f3nicos y mec\u00e1nicos. Significa, adem\u00e1s, que puedes ajustar diferentes variables del entorno, como la intensidad de la luz seg\u00fan la presencia de personas, o incluso nivel de temperatura del espacio [&hellip;]<\/p>\n","protected":false},"author":1,"featured_media":0,"parent":0,"menu_order":0,"comment_status":"closed","ping_status":"closed","template":"","meta":{"footnotes":""},"class_list":["post-493","page","type-page","status-publish","hentry"],"_links":{"self":[{"href":"https:\/\/dinamiclab.staging-breakers.agency\/index.php\/wp-json\/wp\/v2\/pages\/493","targetHints":{"allow":["GET"]}}],"collection":[{"href":"https:\/\/dinamiclab.staging-breakers.agency\/index.php\/wp-json\/wp\/v2\/pages"}],"about":[{"href":"https:\/\/dinamiclab.staging-breakers.agency\/index.php\/wp-json\/wp\/v2\/types\/page"}],"author":[{"embeddable":true,"href":"https:\/\/dinamiclab.staging-breakers.agency\/index.php\/wp-json\/wp\/v2\/users\/1"}],"replies":[{"embeddable":true,"href":"https:\/\/dinamiclab.staging-breakers.agency\/index.php\/wp-json\/wp\/v2\/comments?post=493"}],"version-history":[{"count":4,"href":"https:\/\/dinamiclab.staging-breakers.agency\/index.php\/wp-json\/wp\/v2\/pages\/493\/revisions"}],"predecessor-version":[{"id":512,"href":"https:\/\/dinamiclab.staging-breakers.agency\/index.php\/wp-json\/wp\/v2\/pages\/493\/revisions\/512"}],"wp:attachment":[{"href":"https:\/\/dinamiclab.staging-breakers.agency\/index.php\/wp-json\/wp\/v2\/media?parent=493"}],"curies":[{"name":"wp","href":"https:\/\/api.w.org\/{rel}","templated":true}]}}