{"id":433,"date":"2025-11-26T15:33:43","date_gmt":"2025-11-26T20:33:43","guid":{"rendered":"https:\/\/dinamiclab.staging-breakers.agency\/?page_id=433"},"modified":"2025-11-30T09:51:41","modified_gmt":"2025-11-30T14:51:41","slug":"ingenieria-audiovisual","status":"publish","type":"page","link":"https:\/\/dinamiclab.staging-breakers.agency\/index.php\/ingenieria-audiovisual\/","title":{"rendered":"Ingenier\u00eda Audiovisual"},"content":{"rendered":"\t\t<div data-elementor-type=\"wp-page\" data-elementor-id=\"433\" class=\"elementor elementor-433\" data-elementor-post-type=\"page\">\n\t\t\t\t<div class=\"elementor-element elementor-element-366a1b0f e-flex e-con-boxed e-con e-parent\" data-id=\"366a1b0f\" data-element_type=\"container\" data-settings=\"{&quot;background_background&quot;:&quot;classic&quot;}\">\n\t\t\t\t\t<div class=\"e-con-inner\">\n\t\t<div class=\"elementor-element elementor-element-589f64a0 e-flex e-con-boxed e-con e-child\" data-id=\"589f64a0\" data-element_type=\"container\">\n\t\t\t\t\t<div class=\"e-con-inner\">\n\t\t\t\t<div class=\"elementor-element elementor-element-4c3b5344 elementor-widget elementor-widget-heading\" data-id=\"4c3b5344\" data-element_type=\"widget\" data-widget_type=\"heading.default\">\n\t\t\t\t\t<h2 class=\"elementor-heading-title elementor-size-default\">OC\u00daLTATE CUANDO NO TE USO<\/h2>\t\t\t\t<\/div>\n\t\t\t\t\t<\/div>\n\t\t\t\t<\/div>\n\t\t\t\t\t<\/div>\n\t\t\t\t<\/div>\n\t\t<div class=\"elementor-element elementor-element-6aaabc15 e-flex e-con-boxed e-con e-parent\" data-id=\"6aaabc15\" data-element_type=\"container\">\n\t\t\t\t\t<div class=\"e-con-inner\">\n\t\t<div class=\"elementor-element elementor-element-50b3a904 e-con-full e-flex e-con e-child\" data-id=\"50b3a904\" data-element_type=\"container\">\n\t\t\t\t<div class=\"elementor-element elementor-element-72c60bb3 elementor-widget elementor-widget-image\" data-id=\"72c60bb3\" data-element_type=\"widget\" data-widget_type=\"image.default\">\n\t\t\t\t\t\t\t\t\t\t\t\t\t\t\t<img decoding=\"async\" width=\"124\" height=\"124\" src=\"https:\/\/dinamiclab.staging-breakers.agency\/wp-content\/uploads\/2025\/11\/ingenieria-audiovisual-dinamiclab.png\" class=\"attachment-large size-large wp-image-435\" alt=\"\" \/>\t\t\t\t\t\t\t\t\t\t\t\t\t\t\t<\/div>\n\t\t\t\t<div class=\"elementor-element elementor-element-72d87fb6 elementor-widget elementor-widget-heading\" data-id=\"72d87fb6\" data-element_type=\"widget\" data-widget_type=\"heading.default\">\n\t\t\t\t\t<h2 class=\"elementor-heading-title elementor-size-default\">Crea una experiencia sensorial envolvente\n<\/h2>\t\t\t\t<\/div>\n\t\t\t\t<div class=\"elementor-element elementor-element-4048b40 elementor-widget elementor-widget-text-editor\" data-id=\"4048b40\" data-element_type=\"widget\" data-widget_type=\"text-editor.default\">\n\t\t\t\t\t\t\t\t\t<p>Gracias a sistemas tecnol\u00f3gicos integrados en el entorno. De eso se ocupa la Ingenier\u00eda audiovisual.<strong>\u00a0Dinamiclab dise\u00f1a espacios limpios<\/strong>, minimalistas, que esconden tecnolog\u00eda punta, motorizaci\u00f3n y dom\u00f3tica en fusi\u00f3n con la estructura del edificio.<\/p><p>Representa un reto creativo y arquitect\u00f3nico la imaginaci\u00f3n de alternativas constructivas que se mimeticen con en el hogar y lo respeten. Los resultados son asombrosos.<\/p>\t\t\t\t\t\t\t\t<\/div>\n\t\t\t\t<\/div>\n\t\t\t\t\t<\/div>\n\t\t\t\t<\/div>\n\t\t<div class=\"elementor-element elementor-element-10f494ca e-flex e-con-boxed e-con e-parent\" data-id=\"10f494ca\" data-element_type=\"container\" data-settings=\"{&quot;background_background&quot;:&quot;classic&quot;}\">\n\t\t\t\t\t<div class=\"e-con-inner\">\n\t\t\t\t<div class=\"elementor-element elementor-element-e7afee5 elementor-widget elementor-widget-spacer\" data-id=\"e7afee5\" data-element_type=\"widget\" data-widget_type=\"spacer.default\">\n\t\t\t\t\t\t\t<div class=\"elementor-spacer\">\n\t\t\t<div class=\"elementor-spacer-inner\"><\/div>\n\t\t<\/div>\n\t\t\t\t\t\t<\/div>\n\t\t\t\t<div class=\"elementor-element elementor-element-41314224 elementor-widget elementor-widget-heading\" data-id=\"41314224\" data-element_type=\"widget\" data-widget_type=\"heading.default\">\n\t\t\t\t\t<h2 class=\"elementor-heading-title elementor-size-default\">No es magia, es tecnolog\u00eda\ny dise\u00f1o que sorprende.<\/h2>\t\t\t\t<\/div>\n\t\t\t\t<div class=\"elementor-element elementor-element-5d38b59 elementor-widget elementor-widget-spacer\" data-id=\"5d38b59\" data-element_type=\"widget\" data-widget_type=\"spacer.default\">\n\t\t\t\t\t\t\t<div class=\"elementor-spacer\">\n\t\t\t<div class=\"elementor-spacer-inner\"><\/div>\n\t\t<\/div>\n\t\t\t\t\t\t<\/div>\n\t\t\t\t<div class=\"elementor-element elementor-element-50f19ed3 elementor-align-center elementor-widget elementor-widget-button\" data-id=\"50f19ed3\" data-element_type=\"widget\" data-widget_type=\"button.default\">\n\t\t\t\t\t\t\t\t\t\t<a class=\"elementor-button elementor-size-sm\" role=\"button\">\n\t\t\t\t\t\t<span class=\"elementor-button-content-wrapper\">\n\t\t\t\t\t\t\t\t\t<span class=\"elementor-button-text\">Quiero saber M\u00e1s<\/span>\n\t\t\t\t\t<\/span>\n\t\t\t\t\t<\/a>\n\t\t\t\t\t\t\t\t<\/div>\n\t\t\t\t\t<\/div>\n\t\t\t\t<\/div>\n\t\t<div class=\"elementor-element elementor-element-601ee106 e-flex e-con-boxed e-con e-parent\" data-id=\"601ee106\" data-element_type=\"container\" data-settings=\"{&quot;background_background&quot;:&quot;classic&quot;}\">\n\t\t\t\t\t<div class=\"e-con-inner\">\n\t\t\t\t<div class=\"elementor-element elementor-element-3c13ba7 elementor-widget elementor-widget-heading\" data-id=\"3c13ba7\" data-element_type=\"widget\" data-widget_type=\"heading.default\">\n\t\t\t\t\t<h2 class=\"elementor-heading-title elementor-size-default\">\u00bfC\u00f3mo lo hacemos?<\/h2>\t\t\t\t<\/div>\n\t\t\t\t<div class=\"elementor-element elementor-element-458b1a88 elementor-widget elementor-widget-text-editor\" data-id=\"458b1a88\" data-element_type=\"widget\" data-widget_type=\"text-editor.default\">\n\t\t\t\t\t\t\t\t\t<p>Primero estudiamos el espacio donde implementaremos las soluciones tecnol\u00f3gicas especiales y c\u00f3mo estableceremos la mejor relaci\u00f3n con los habitantes del hogar. En el segundo paso entra en juego la m\u00e1s pura creatividad con aplicaci\u00f3n de una l\u00f3gica orientada al disfrute y a la funcionalidad de los nuevos componentes.<\/p><p><strong>El resultado son l\u00edneas perfectas que demuestran que la integraci\u00f3n tecnol\u00f3gica de dise\u00f1o es posible, en todos los sentidos.<\/strong><\/p>\t\t\t\t\t\t\t\t<\/div>\n\t\t\t\t\t<\/div>\n\t\t\t\t<\/div>\n\t\t<div class=\"elementor-element elementor-element-3089e8fc e-flex e-con-boxed e-con e-parent\" data-id=\"3089e8fc\" data-element_type=\"container\" data-settings=\"{&quot;background_background&quot;:&quot;classic&quot;}\">\n\t\t\t\t\t<div class=\"e-con-inner\">\n\t\t\t\t<div class=\"elementor-element elementor-element-a62cd46 elementor-widget elementor-widget-spacer\" data-id=\"a62cd46\" data-element_type=\"widget\" data-widget_type=\"spacer.default\">\n\t\t\t\t\t\t\t<div class=\"elementor-spacer\">\n\t\t\t<div class=\"elementor-spacer-inner\"><\/div>\n\t\t<\/div>\n\t\t\t\t\t\t<\/div>\n\t\t\t\t<div class=\"elementor-element elementor-element-9d78488 elementor-widget elementor-widget-heading\" data-id=\"9d78488\" data-element_type=\"widget\" data-widget_type=\"heading.default\">\n\t\t\t\t\t<h2 class=\"elementor-heading-title elementor-size-default\">SOLUCIONES ADAPTADAS A TUS NECESIDADES<\/h2>\t\t\t\t<\/div>\n\t\t<div class=\"elementor-element elementor-element-28e480fe e-con-full e-flex e-con e-child\" data-id=\"28e480fe\" data-element_type=\"container\">\n\t\t<div class=\"elementor-element elementor-element-dd38da0 e-grid e-con-full e-con e-child\" data-id=\"dd38da0\" data-element_type=\"container\">\n\t\t\t\t<div class=\"elementor-element elementor-element-f09ea61 elementor-position-top elementor-widget elementor-widget-image-box\" data-id=\"f09ea61\" data-element_type=\"widget\" data-widget_type=\"image-box.default\">\n\t\t\t\t\t<div class=\"elementor-image-box-wrapper\"><figure class=\"elementor-image-box-img\"><img decoding=\"async\" width=\"64\" height=\"54\" src=\"https:\/\/dinamiclab.staging-breakers.agency\/wp-content\/uploads\/2025\/11\/bulb-1.png\" class=\"attachment-full size-full wp-image-421\" alt=\"\" \/><\/figure><div class=\"elementor-image-box-content\"><h3 class=\"elementor-image-box-title\"><h2 data-elementor-setting-key=\"title\" data-pen-placeholder=\"Teclea aqu\u00ed...\" style=\", sans-serif;font-weight: 600;font-size: 21px\">Iluminacion<span style=\"font-family: Roboto, sans-serif;font-size: 1.75rem\"><\/span><\/h2><\/h3><\/div><\/div>\t\t\t\t<\/div>\n\t\t\t\t<div class=\"elementor-element elementor-element-b22cfc6 elementor-position-top elementor-widget elementor-widget-image-box\" data-id=\"b22cfc6\" data-element_type=\"widget\" data-widget_type=\"image-box.default\">\n\t\t\t\t\t<div class=\"elementor-image-box-wrapper\"><figure class=\"elementor-image-box-img\"><img decoding=\"async\" width=\"64\" height=\"54\" src=\"https:\/\/dinamiclab.staging-breakers.agency\/wp-content\/uploads\/2025\/11\/monitor-2.png\" class=\"attachment-full size-full wp-image-420\" alt=\"\" \/><\/figure><div class=\"elementor-image-box-content\"><h3 class=\"elementor-image-box-title\"><h2 class=\"elementor-heading-title elementor-size-default elementor-inline-editing pen\" data-elementor-setting-key=\"title\" data-pen-placeholder=\"Teclea aqu\u00ed...\" style=\", sans-serif;font-weight: 600;font-size: 21px\">Ingenier\u00eda audiovisual<span style=\"font-family: Roboto, sans-serif;font-size: 1.75rem\"><\/span><\/h2><\/h3><\/div><\/div>\t\t\t\t<\/div>\n\t\t\t\t<div class=\"elementor-element elementor-element-5bf0b23 elementor-position-top elementor-widget elementor-widget-image-box\" data-id=\"5bf0b23\" data-element_type=\"widget\" data-widget_type=\"image-box.default\">\n\t\t\t\t\t<div class=\"elementor-image-box-wrapper\"><figure class=\"elementor-image-box-img\"><img loading=\"lazy\" decoding=\"async\" width=\"64\" height=\"54\" src=\"https:\/\/dinamiclab.staging-breakers.agency\/wp-content\/uploads\/2025\/11\/equalizer-1.png\" class=\"attachment-full size-full wp-image-418\" alt=\"\" \/><\/figure><div class=\"elementor-image-box-content\"><h3 class=\"elementor-image-box-title\"><h2 class=\"elementor-heading-title elementor-size-default elementor-inline-editing pen\" data-elementor-setting-key=\"title\" data-pen-placeholder=\"Teclea aqu\u00ed...\" style=\", sans-serif;font-weight: 600;font-size: 21px\">Ingenier\u00eda Dom\u00f3tica<span style=\"font-family: Roboto, sans-serif;font-size: 1.75rem\"><\/span><\/h2><\/h3><\/div><\/div>\t\t\t\t<\/div>\n\t\t\t\t<div class=\"elementor-element elementor-element-ace5cc8 elementor-position-top elementor-widget elementor-widget-image-box\" data-id=\"ace5cc8\" data-element_type=\"widget\" data-widget_type=\"image-box.default\">\n\t\t\t\t\t<div class=\"elementor-image-box-wrapper\"><figure class=\"elementor-image-box-img\"><img loading=\"lazy\" decoding=\"async\" width=\"64\" height=\"54\" src=\"https:\/\/dinamiclab.staging-breakers.agency\/wp-content\/uploads\/2025\/11\/lock-1.png\" class=\"attachment-full size-full wp-image-417\" alt=\"\" \/><\/figure><div class=\"elementor-image-box-content\"><h3 class=\"elementor-image-box-title\"><h2 data-elementor-setting-key=\"title\" data-pen-placeholder=\"Teclea aqu\u00ed...\" style=\", sans-serif;font-weight: 600;font-size: 21px\">Sistema seguridad<span style=\"font-family: Roboto, sans-serif;font-size: 1.75rem\"><\/span><\/h2><\/h3><\/div><\/div>\t\t\t\t<\/div>\n\t\t\t\t<div class=\"elementor-element elementor-element-157985c elementor-position-top elementor-widget elementor-widget-image-box\" data-id=\"157985c\" data-element_type=\"widget\" data-widget_type=\"image-box.default\">\n\t\t\t\t\t<div class=\"elementor-image-box-wrapper\"><figure class=\"elementor-image-box-img\"><img loading=\"lazy\" decoding=\"async\" width=\"64\" height=\"54\" src=\"https:\/\/dinamiclab.staging-breakers.agency\/wp-content\/uploads\/2025\/11\/light.png\" class=\"attachment-full size-full wp-image-419\" alt=\"\" \/><\/figure><div class=\"elementor-image-box-content\"><h3 class=\"elementor-image-box-title\"><h3 data-elementor-setting-key=\"title_text\" data-elementor-inline-editing-toolbar=\"none\" data-pen-placeholder=\"Teclea aqu\u00ed...\" style=\"font-family: Roboto, sans-serif;font-weight: 600\"><\/h3><h2 data-elementor-setting-key=\"title\" data-pen-placeholder=\"Teclea aqu\u00ed...\" style=\", sans-serif;font-weight: 600;font-size: 21px\">Climatizaci\u00f3n<\/h2><\/h3><\/div><\/div>\t\t\t\t<\/div>\n\t\t\t\t<\/div>\n\t\t\t\t<\/div>\n\t\t\t\t<div class=\"elementor-element elementor-element-3e5e01ca elementor-widget elementor-widget-spacer\" data-id=\"3e5e01ca\" data-element_type=\"widget\" data-widget_type=\"spacer.default\">\n\t\t\t\t\t\t\t<div class=\"elementor-spacer\">\n\t\t\t<div class=\"elementor-spacer-inner\"><\/div>\n\t\t<\/div>\n\t\t\t\t\t\t<\/div>\n\t\t\t\t\t<\/div>\n\t\t\t\t<\/div>\n\t\t\t\t<\/div>\n\t\t","protected":false},"excerpt":{"rendered":"<p>OC\u00daLTATE CUANDO NO TE USO Crea una experiencia sensorial envolvente Gracias a sistemas tecnol\u00f3gicos integrados en el entorno. De eso se ocupa la Ingenier\u00eda audiovisual.\u00a0Dinamiclab dise\u00f1a espacios limpios, minimalistas, que esconden tecnolog\u00eda punta, motorizaci\u00f3n y dom\u00f3tica en fusi\u00f3n con la estructura del edificio. Representa un reto creativo y arquitect\u00f3nico la imaginaci\u00f3n de alternativas constructivas que [&hellip;]<\/p>\n","protected":false},"author":1,"featured_media":0,"parent":0,"menu_order":0,"comment_status":"closed","ping_status":"closed","template":"","meta":{"footnotes":""},"class_list":["post-433","page","type-page","status-publish","hentry"],"_links":{"self":[{"href":"https:\/\/dinamiclab.staging-breakers.agency\/index.php\/wp-json\/wp\/v2\/pages\/433","targetHints":{"allow":["GET"]}}],"collection":[{"href":"https:\/\/dinamiclab.staging-breakers.agency\/index.php\/wp-json\/wp\/v2\/pages"}],"about":[{"href":"https:\/\/dinamiclab.staging-breakers.agency\/index.php\/wp-json\/wp\/v2\/types\/page"}],"author":[{"embeddable":true,"href":"https:\/\/dinamiclab.staging-breakers.agency\/index.php\/wp-json\/wp\/v2\/users\/1"}],"replies":[{"embeddable":true,"href":"https:\/\/dinamiclab.staging-breakers.agency\/index.php\/wp-json\/wp\/v2\/comments?post=433"}],"version-history":[{"count":13,"href":"https:\/\/dinamiclab.staging-breakers.agency\/index.php\/wp-json\/wp\/v2\/pages\/433\/revisions"}],"predecessor-version":[{"id":809,"href":"https:\/\/dinamiclab.staging-breakers.agency\/index.php\/wp-json\/wp\/v2\/pages\/433\/revisions\/809"}],"wp:attachment":[{"href":"https:\/\/dinamiclab.staging-breakers.agency\/index.php\/wp-json\/wp\/v2\/media?parent=433"}],"curies":[{"name":"wp","href":"https:\/\/api.w.org\/{rel}","templated":true}]}}