{"id":226,"date":"2025-11-25T20:41:03","date_gmt":"2025-11-26T01:41:03","guid":{"rendered":"https:\/\/dinamiclab.staging-breakers.agency\/?page_id=226"},"modified":"2025-11-30T09:48:48","modified_gmt":"2025-11-30T14:48:48","slug":"iluminacion","status":"publish","type":"page","link":"https:\/\/dinamiclab.staging-breakers.agency\/index.php\/iluminacion\/","title":{"rendered":"Iluminacion"},"content":{"rendered":"\t\t<div data-elementor-type=\"wp-page\" data-elementor-id=\"226\" class=\"elementor elementor-226\" data-elementor-post-type=\"page\">\n\t\t\t\t<div class=\"elementor-element elementor-element-504f5759 e-flex e-con-boxed e-con e-parent\" data-id=\"504f5759\" data-element_type=\"container\" data-settings=\"{&quot;background_background&quot;:&quot;classic&quot;}\">\n\t\t\t\t\t<div class=\"e-con-inner\">\n\t\t<div class=\"elementor-element elementor-element-28247cf0 e-flex e-con-boxed e-con e-child\" data-id=\"28247cf0\" data-element_type=\"container\">\n\t\t\t\t\t<div class=\"e-con-inner\">\n\t\t\t\t<div class=\"elementor-element elementor-element-bf0d201 elementor-widget elementor-widget-heading\" data-id=\"bf0d201\" data-element_type=\"widget\" data-widget_type=\"heading.default\">\n\t\t\t\t\t<h2 class=\"elementor-heading-title elementor-size-default\">SIENTE EL PODER DE CONTROLAR LA ILUMINACI\u00d3N<\/h2>\t\t\t\t<\/div>\n\t\t\t\t\t<\/div>\n\t\t\t\t<\/div>\n\t\t\t\t\t<\/div>\n\t\t\t\t<\/div>\n\t\t<div class=\"elementor-element elementor-element-28e787c2 e-flex e-con-boxed e-con e-parent\" data-id=\"28e787c2\" data-element_type=\"container\">\n\t\t\t\t\t<div class=\"e-con-inner\">\n\t\t<div class=\"elementor-element elementor-element-660cc2fa e-con-full e-flex e-con e-child\" data-id=\"660cc2fa\" data-element_type=\"container\">\n\t\t\t\t<div class=\"elementor-element elementor-element-d0edf0c elementor-widget elementor-widget-image\" data-id=\"d0edf0c\" data-element_type=\"widget\" data-widget_type=\"image.default\">\n\t\t\t\t\t\t\t\t\t\t\t\t\t\t\t<img decoding=\"async\" width=\"124\" height=\"124\" src=\"https:\/\/dinamiclab.staging-breakers.agency\/wp-content\/uploads\/2025\/11\/sistemas-y-control-de-iluminacion-dinamiclab.png\" class=\"attachment-large size-large wp-image-244\" alt=\"\" \/>\t\t\t\t\t\t\t\t\t\t\t\t\t\t\t<\/div>\n\t\t\t\t<div class=\"elementor-element elementor-element-0aebaaf elementor-widget elementor-widget-heading\" data-id=\"0aebaaf\" data-element_type=\"widget\" data-widget_type=\"heading.default\">\n\t\t\t\t\t<h2 class=\"elementor-heading-title elementor-size-default\">Experimenta con la luz<\/h2>\t\t\t\t<\/div>\n\t\t\t\t<div class=\"elementor-element elementor-element-6ed6aac elementor-widget elementor-widget-text-editor\" data-id=\"6ed6aac\" data-element_type=\"widget\" data-widget_type=\"text-editor.default\">\n\t\t\t\t\t\t\t\t\t<p><strong>Experimenta con la luz, siente el poder de controlar la iluminaci\u00f3n, de crear ambientes diferentes.<\/strong>\u00a0La arquitectura de luz recrea atm\u00f3sferas con capacidad de modificar los sentimientos y crear entornos de bienestar. \u00bfHas notado c\u00f3mo los d\u00edas soleados te sientes con m\u00e1s energ\u00eda, optimismo y agilidad mental?<\/p><p>La luz influye en tu estado de \u00e1nimo y ayuda a regular el biorritmo. Puedes crear en tu ambiente el tipo de luz, intensidad y color que desees. Disfruta de tu programa de TV favorito con una configuraci\u00f3n que potencie la imagen. O recibe a tus invitados a un c\u00f3ctel con la calidez lum\u00ednica que se merecen tambi\u00e9n en un espacio a la intemperie, como una terraza, jard\u00edn o un patio.<\/p>\t\t\t\t\t\t\t\t<\/div>\n\t\t\t\t<\/div>\n\t\t\t\t\t<\/div>\n\t\t\t\t<\/div>\n\t\t<div class=\"elementor-element elementor-element-91bf35a e-flex e-con-boxed e-con e-parent\" data-id=\"91bf35a\" data-element_type=\"container\" data-settings=\"{&quot;background_background&quot;:&quot;classic&quot;}\">\n\t\t\t\t\t<div class=\"e-con-inner\">\n\t\t\t\t<div class=\"elementor-element elementor-element-d3569a5 elementor-widget elementor-widget-spacer\" data-id=\"d3569a5\" data-element_type=\"widget\" data-widget_type=\"spacer.default\">\n\t\t\t\t\t\t\t<div class=\"elementor-spacer\">\n\t\t\t<div class=\"elementor-spacer-inner\"><\/div>\n\t\t<\/div>\n\t\t\t\t\t\t<\/div>\n\t\t\t\t<div class=\"elementor-element elementor-element-969a9d7 elementor-widget elementor-widget-heading\" data-id=\"969a9d7\" data-element_type=\"widget\" data-widget_type=\"heading.default\">\n\t\t\t\t\t<h2 class=\"elementor-heading-title elementor-size-default\">TU INSPIRACI\u00d3N ES EL L\u00cdMITE,\nLA TECNOLOG\u00cdA ES NUESTRO DESAF\u00cdO<\/h2>\t\t\t\t<\/div>\n\t\t\t\t<div class=\"elementor-element elementor-element-af5c2c2 elementor-widget elementor-widget-spacer\" data-id=\"af5c2c2\" data-element_type=\"widget\" data-widget_type=\"spacer.default\">\n\t\t\t\t\t\t\t<div class=\"elementor-spacer\">\n\t\t\t<div class=\"elementor-spacer-inner\"><\/div>\n\t\t<\/div>\n\t\t\t\t\t\t<\/div>\n\t\t\t\t<div class=\"elementor-element elementor-element-36cbb2e elementor-align-center elementor-widget elementor-widget-button\" data-id=\"36cbb2e\" data-element_type=\"widget\" data-widget_type=\"button.default\">\n\t\t\t\t\t\t\t\t\t\t<a class=\"elementor-button elementor-size-sm\" role=\"button\">\n\t\t\t\t\t\t<span class=\"elementor-button-content-wrapper\">\n\t\t\t\t\t\t\t\t\t<span class=\"elementor-button-text\">Quiero saber M\u00e1s<\/span>\n\t\t\t\t\t<\/span>\n\t\t\t\t\t<\/a>\n\t\t\t\t\t\t\t\t<\/div>\n\t\t\t\t<div class=\"elementor-element elementor-element-ddbfac2 elementor-widget elementor-widget-spacer\" data-id=\"ddbfac2\" data-element_type=\"widget\" data-widget_type=\"spacer.default\">\n\t\t\t\t\t\t\t<div class=\"elementor-spacer\">\n\t\t\t<div class=\"elementor-spacer-inner\"><\/div>\n\t\t<\/div>\n\t\t\t\t\t\t<\/div>\n\t\t\t\t\t<\/div>\n\t\t\t\t<\/div>\n\t\t<div class=\"elementor-element elementor-element-62bafbd e-flex e-con-boxed e-con e-parent\" data-id=\"62bafbd\" data-element_type=\"container\" data-settings=\"{&quot;background_background&quot;:&quot;classic&quot;}\">\n\t\t\t\t\t<div class=\"e-con-inner\">\n\t\t\t\t<div class=\"elementor-element elementor-element-2b0ed5f elementor-widget elementor-widget-text-editor\" data-id=\"2b0ed5f\" data-element_type=\"widget\" data-widget_type=\"text-editor.default\">\n\t\t\t\t\t\t\t\t\t<p>Modela un ambiente, haz que la iluminaci\u00f3n juegue a tu favor con opciones singulares, atractivas y funcionales. No buscamos la luz perfecta, sino un estilo de iluminaci\u00f3n distintiva para el espacio y momento en el que te encuentras para vivir en un mismo lugar distintas experiencias.<\/p><p>Cambia de ambiente con solo un clic, deslumbra con dise\u00f1os inesperados de luminarias \u00fanicas fabricadas para cada ambiente.\u00a0<strong>Ahora puedes dominar la luz, buscar contrastes, agregar color y dotar a tu espacio de temperaturas c\u00e1lidas o fr\u00edas.<\/strong><\/p>\t\t\t\t\t\t\t\t<\/div>\n\t\t\t\t\t<\/div>\n\t\t\t\t<\/div>\n\t\t<div class=\"elementor-element elementor-element-285a554 e-con-full e-flex e-con e-parent\" data-id=\"285a554\" data-element_type=\"container\">\n\t\t<div class=\"elementor-element elementor-element-bde00f6 e-con-full e-flex e-con e-child\" data-id=\"bde00f6\" data-element_type=\"container\" data-settings=\"{&quot;background_background&quot;:&quot;classic&quot;}\">\n\t\t\t\t<div class=\"elementor-element elementor-element-f3cd34d elementor-widget elementor-widget-spacer\" data-id=\"f3cd34d\" data-element_type=\"widget\" data-widget_type=\"spacer.default\">\n\t\t\t\t\t\t\t<div class=\"elementor-spacer\">\n\t\t\t<div class=\"elementor-spacer-inner\"><\/div>\n\t\t<\/div>\n\t\t\t\t\t\t<\/div>\n\t\t\t\t<div class=\"elementor-element elementor-element-51aa763 elementor-widget elementor-widget-heading\" data-id=\"51aa763\" data-element_type=\"widget\" data-widget_type=\"heading.default\">\n\t\t\t\t\t<h2 class=\"elementor-heading-title elementor-size-default\">SOLUCIONES ADAPTADAS A TUS NECESIDADES<\/h2>\t\t\t\t<\/div>\n\t\t<div class=\"elementor-element elementor-element-1417276 e-con-full e-flex e-con e-child\" data-id=\"1417276\" data-element_type=\"container\">\n\t\t<div class=\"elementor-element elementor-element-fdb6ab7 e-grid e-con-full e-con e-child\" data-id=\"fdb6ab7\" data-element_type=\"container\">\n\t\t\t\t<div class=\"elementor-element elementor-element-66643d1 elementor-position-top elementor-widget elementor-widget-image-box\" data-id=\"66643d1\" data-element_type=\"widget\" data-widget_type=\"image-box.default\">\n\t\t\t\t\t<div class=\"elementor-image-box-wrapper\"><figure class=\"elementor-image-box-img\"><img decoding=\"async\" width=\"64\" height=\"54\" src=\"https:\/\/dinamiclab.staging-breakers.agency\/wp-content\/uploads\/2025\/11\/bulb-1.png\" class=\"attachment-full size-full wp-image-421\" alt=\"\" \/><\/figure><div class=\"elementor-image-box-content\"><h3 class=\"elementor-image-box-title\"><h2 data-elementor-setting-key=\"title\" data-pen-placeholder=\"Teclea aqu\u00ed...\" style=\", sans-serif;font-weight: 600;font-size: 21px\">Iluminacion<span style=\"font-family: Roboto, sans-serif;font-size: 1.75rem\"><\/span><\/h2><\/h3><\/div><\/div>\t\t\t\t<\/div>\n\t\t\t\t<div class=\"elementor-element elementor-element-e2d526f elementor-position-top elementor-widget elementor-widget-image-box\" data-id=\"e2d526f\" data-element_type=\"widget\" data-widget_type=\"image-box.default\">\n\t\t\t\t\t<div class=\"elementor-image-box-wrapper\"><figure class=\"elementor-image-box-img\"><img decoding=\"async\" width=\"64\" height=\"54\" src=\"https:\/\/dinamiclab.staging-breakers.agency\/wp-content\/uploads\/2025\/11\/monitor-2.png\" class=\"attachment-full size-full wp-image-420\" alt=\"\" \/><\/figure><div class=\"elementor-image-box-content\"><h3 class=\"elementor-image-box-title\"><h2 class=\"elementor-heading-title elementor-size-default elementor-inline-editing pen\" data-elementor-setting-key=\"title\" data-pen-placeholder=\"Teclea aqu\u00ed...\" style=\", sans-serif;font-weight: 600;font-size: 21px\">Ingenier\u00eda audiovisual<span style=\"font-family: Roboto, sans-serif;font-size: 1.75rem\"><\/span><\/h2><\/h3><\/div><\/div>\t\t\t\t<\/div>\n\t\t\t\t<div class=\"elementor-element elementor-element-de25e6b elementor-position-top elementor-widget elementor-widget-image-box\" data-id=\"de25e6b\" data-element_type=\"widget\" data-widget_type=\"image-box.default\">\n\t\t\t\t\t<div class=\"elementor-image-box-wrapper\"><figure class=\"elementor-image-box-img\"><img loading=\"lazy\" decoding=\"async\" width=\"64\" height=\"54\" src=\"https:\/\/dinamiclab.staging-breakers.agency\/wp-content\/uploads\/2025\/11\/equalizer-1.png\" class=\"attachment-full size-full wp-image-418\" alt=\"\" \/><\/figure><div class=\"elementor-image-box-content\"><h3 class=\"elementor-image-box-title\"><h2 class=\"elementor-heading-title elementor-size-default elementor-inline-editing pen\" data-elementor-setting-key=\"title\" data-pen-placeholder=\"Teclea aqu\u00ed...\" style=\", sans-serif;font-weight: 600;font-size: 21px\">Ingenier\u00eda Dom\u00f3tica<span style=\"font-family: Roboto, sans-serif;font-size: 1.75rem\"><\/span><\/h2><\/h3><\/div><\/div>\t\t\t\t<\/div>\n\t\t\t\t<div class=\"elementor-element elementor-element-6134e2b elementor-position-top elementor-widget elementor-widget-image-box\" data-id=\"6134e2b\" data-element_type=\"widget\" data-widget_type=\"image-box.default\">\n\t\t\t\t\t<div class=\"elementor-image-box-wrapper\"><figure class=\"elementor-image-box-img\"><img loading=\"lazy\" decoding=\"async\" width=\"64\" height=\"54\" src=\"https:\/\/dinamiclab.staging-breakers.agency\/wp-content\/uploads\/2025\/11\/lock-1.png\" class=\"attachment-full size-full wp-image-417\" alt=\"\" \/><\/figure><div class=\"elementor-image-box-content\"><h3 class=\"elementor-image-box-title\"><h2 data-elementor-setting-key=\"title\" data-pen-placeholder=\"Teclea aqu\u00ed...\" style=\", sans-serif;font-weight: 600;font-size: 21px\">Sistema seguridad<span style=\"font-family: Roboto, sans-serif;font-size: 1.75rem\"><\/span><\/h2><\/h3><\/div><\/div>\t\t\t\t<\/div>\n\t\t\t\t<div class=\"elementor-element elementor-element-564923d elementor-position-top elementor-widget elementor-widget-image-box\" data-id=\"564923d\" data-element_type=\"widget\" data-widget_type=\"image-box.default\">\n\t\t\t\t\t<div class=\"elementor-image-box-wrapper\"><figure class=\"elementor-image-box-img\"><img loading=\"lazy\" decoding=\"async\" width=\"64\" height=\"54\" src=\"https:\/\/dinamiclab.staging-breakers.agency\/wp-content\/uploads\/2025\/11\/light.png\" class=\"attachment-full size-full wp-image-419\" alt=\"\" \/><\/figure><div class=\"elementor-image-box-content\"><h3 class=\"elementor-image-box-title\"><h3 data-elementor-setting-key=\"title_text\" data-elementor-inline-editing-toolbar=\"none\" data-pen-placeholder=\"Teclea aqu\u00ed...\" style=\"font-family: Roboto, sans-serif;font-weight: 600\"><\/h3><h2 data-elementor-setting-key=\"title\" data-pen-placeholder=\"Teclea aqu\u00ed...\" style=\", sans-serif;font-weight: 600;font-size: 21px\">Climatizaci\u00f3n<\/h2><\/h3><\/div><\/div>\t\t\t\t<\/div>\n\t\t\t\t<\/div>\n\t\t\t\t<\/div>\n\t\t\t\t<div class=\"elementor-element elementor-element-5c5dcad elementor-widget elementor-widget-spacer\" data-id=\"5c5dcad\" data-element_type=\"widget\" data-widget_type=\"spacer.default\">\n\t\t\t\t\t\t\t<div class=\"elementor-spacer\">\n\t\t\t<div class=\"elementor-spacer-inner\"><\/div>\n\t\t<\/div>\n\t\t\t\t\t\t<\/div>\n\t\t\t\t<\/div>\n\t\t\t\t<\/div>\n\t\t\t\t<\/div>\n\t\t","protected":false},"excerpt":{"rendered":"<p>SIENTE EL PODER DE CONTROLAR LA ILUMINACI\u00d3N Experimenta con la luz Experimenta con la luz, siente el poder de controlar la iluminaci\u00f3n, de crear ambientes diferentes.\u00a0La arquitectura de luz recrea atm\u00f3sferas con capacidad de modificar los sentimientos y crear entornos de bienestar. \u00bfHas notado c\u00f3mo los d\u00edas soleados te sientes con m\u00e1s energ\u00eda, optimismo y [&hellip;]<\/p>\n","protected":false},"author":1,"featured_media":0,"parent":0,"menu_order":0,"comment_status":"closed","ping_status":"closed","template":"","meta":{"footnotes":""},"class_list":["post-226","page","type-page","status-publish","hentry"],"_links":{"self":[{"href":"https:\/\/dinamiclab.staging-breakers.agency\/index.php\/wp-json\/wp\/v2\/pages\/226","targetHints":{"allow":["GET"]}}],"collection":[{"href":"https:\/\/dinamiclab.staging-breakers.agency\/index.php\/wp-json\/wp\/v2\/pages"}],"about":[{"href":"https:\/\/dinamiclab.staging-breakers.agency\/index.php\/wp-json\/wp\/v2\/types\/page"}],"author":[{"embeddable":true,"href":"https:\/\/dinamiclab.staging-breakers.agency\/index.php\/wp-json\/wp\/v2\/users\/1"}],"replies":[{"embeddable":true,"href":"https:\/\/dinamiclab.staging-breakers.agency\/index.php\/wp-json\/wp\/v2\/comments?post=226"}],"version-history":[{"count":124,"href":"https:\/\/dinamiclab.staging-breakers.agency\/index.php\/wp-json\/wp\/v2\/pages\/226\/revisions"}],"predecessor-version":[{"id":800,"href":"https:\/\/dinamiclab.staging-breakers.agency\/index.php\/wp-json\/wp\/v2\/pages\/226\/revisions\/800"}],"wp:attachment":[{"href":"https:\/\/dinamiclab.staging-breakers.agency\/index.php\/wp-json\/wp\/v2\/media?parent=226"}],"curies":[{"name":"wp","href":"https:\/\/api.w.org\/{rel}","templated":true}]}}